{"id":6137,"date":"2025-06-16T11:31:32","date_gmt":"2025-06-16T04:31:32","guid":{"rendered":"https:\/\/vietnaturetour.com\/?page_id=6137"},"modified":"2025-06-16T21:04:08","modified_gmt":"2025-06-16T14:04:08","slug":"danh-gia-chung-toi","status":"publish","type":"page","link":"https:\/\/vietnaturetour.com\/vi\/danh-gia-chung-toi\/","title":{"rendered":"\u0110\u00c1NH GI\u00c1 CH\u00daNG T\u00d4I"},"content":{"rendered":"<h2 style=\"text-align: justify;\"><span style=\"color: #ff0000;\"><strong><b>\u0110\u00c1NH GI\u00c1<\/b><\/strong><\/span><\/h2>\n<p style=\"text-align: justify;\"><span style=\"color: #ff0000;\"><strong><b>Larry Espel, Anh Qu\u1ed1c (Th\u00e1ng 04\/2025)<\/b><\/strong><\/span><\/p>\n<p style=\"text-align: justify;\">Nguy\u1ec5n L\u01b0\u01a1ng D\u0169ng l\u00e0 m\u1ed9t h\u01b0\u1edbng d\u1eabn vi\u00ean tuy\u1ec7t v\u1eddi cho ch\u00fang t\u00f4i trong chuy\u1ebfn tham quan chim h\u01a1n hai ng\u00e0y t\u1ea1i\u00a0v\u01b0\u1eddn qu\u1ed1c gia C\u00e1t Ti\u00ean. C\u00e1c \u0111i\u1ec3m xem v\u00e0 ch\u1ee5p \u1ea3nh \u00a0tuy\u1ec7t v\u1eddi. Anh \u1ea5y c\u00f3 ki\u1ebfn\u00a0th\u1ee9c s\u00e2u r\u1ed9ng, thi\u1ebft b\u1ecb v\u00e0 s\u1ef1 chu\u1ea9n b\u1ecb tuy\u1ec7t v\u1eddi, v\u00e0 s\u1ef1 nhi\u1ec7t t\u00ecnh v\u00f4 b\u1edd b\u1ebfn v\u00e0 d\u1ec5 l\u00e2y lan. Anh \u1ea5y \u0111\u00e3 t\u00ecm th\u1ea5y v\u00e0 thu h\u00fat \u0111\u01b0\u1ee3c nhi\u1ec1u lo\u00e0i chim. M\u00e1y \u1ea3nh c\u1ee7a v\u1ee3 t\u00f4i\u00a0d\u00f9ng \u1ed1ng dum n\u00ean\u00a0ch\u1ee5p \u0111\u01b0\u1ee3c nhi\u1ec1u \u1ea3nh \u0111\u1eb9p,\u00a0nh\u01b0ng t\u00f4i c\u0169ng \u0111\u00e3 ch\u1ee5p \u0111\u01b0\u1ee3c m\u1ed9t v\u00e0i b\u1ee9c b\u1eb1ng iPhone c\u1ee7a m\u00ecnh.<\/p>\n<p style=\"text-align: justify;\"><span style=\"color: #ff0000;\"><a style=\"color: #ff0000;\" href=\"https:\/\/www.facebook.com\/profile.php?id=100006846619222&amp;__cft__[0]=AZX4OntBDWAulYeC3HCdb5Am-0OpKPzVLVcDimeeA3X_QS25KJyrTdwjvj71bRkbEmOIvcFy09crVP9IBDRxeisUAEEotD-pUeiP7cPHPTUDTN0qJMHBXs9A3-tbI03DCx0kfGf3-SZYmPn-hGbRISE1P5N5TkvvZ1YGuVBZ0kimRcd8raA1WohjpXWsQEi-fUQWhd8BU21QtZ1TK5HHQW87&amp;__tn__=-]C,P-y-R\"><strong><b>Peter Ruth Lingat Bangayan<\/b><\/strong><\/a><strong><b>,<\/b><\/strong><strong><b>\u00a0<\/b><\/strong><strong><b>M\u1ef9 <\/b><\/strong><strong><b>(<\/b><\/strong><strong><b>Th\u00e1ng 03\/<\/b><\/strong><strong><b>20<\/b><\/strong><strong><b>25<\/b><\/strong><strong><b>)<\/b><\/strong><\/span><\/p>\n<p style=\"text-align: justify;\"><img loading=\"lazy\" decoding=\"async\" class=\"alignnone wp-image-5755\" src=\"https:\/\/vietnaturetour.com\/wp-content\/uploads\/2025\/05\/z6615754436867_c7d8780bdd12efd8ae349f77c2505500.jpg\" alt=\"\" width=\"996\" height=\"747\" srcset=\"https:\/\/vietnaturetour.com\/wp-content\/uploads\/2025\/05\/z6615754436867_c7d8780bdd12efd8ae349f77c2505500.jpg 1080w, https:\/\/vietnaturetour.com\/wp-content\/uploads\/2025\/05\/z6615754436867_c7d8780bdd12efd8ae349f77c2505500-768x576.jpg 768w\" sizes=\"(max-width: 996px) 100vw, 996px\" \/><\/p>\n<p style=\"text-align: justify;\">N\u0103m nay, ch\u00fang t\u00f4i \u0111\u00e3 \u0111\u1ebfn th\u0103m Vi\u1ec7t Nam l\u1ea7n \u0111\u1ea7u ti\u00ean trong chuy\u1ebfn \u0111i ng\u1eafm chim h\u00e0ng n\u0103m v\u00e0o th\u00e1ng 3 v\u00e0 ch\u00fang t\u00f4i \u0111\u00e3 kh\u00f4ng th\u1ea5t v\u1ecdng tr\u01b0\u1edbc \u0111\u1ea5t n\u01b0\u1edbc tuy\u1ec7t \u0111\u1eb9p n\u00e0y. (Qua \u1ed1ng k\u00ednh c\u1ee7a Ruth) Ruth v\u00e0 t\u00f4i \u0111\u00e3 lu\u00f4n tr\u00e2n tr\u1ecdng k\u1ef3 ngh\u1ec9 c\u1ee7a m\u00ecnh. Ch\u00fang t\u00f4i mu\u1ed1n c\u1ea3m \u01a1n Vietnature tour, h\u01b0\u1edbng d\u1eabn vi\u00ean tuy\u1ec7t v\u1eddi c\u1ee7a ch\u00fang t\u00f4i, v\u00ec s\u1ef1 h\u1ed7 tr\u1ee3 tuy\u1ec7t v\u1eddi c\u1ee7a h\u1ecd trong su\u1ed1t chuy\u1ebfn \u0111i. S\u1ef1 t\u1eadn t\u00e2m kh\u00f4ng ng\u1eebng ngh\u1ec9 v\u00e0 d\u1ecbch v\u1ee5 kh\u00e1ch h\u00e0ng tuy\u1ec7t v\u1eddi c\u1ee7a h\u1ecd khi\u1ebfn ch\u00fang t\u00f4i c\u1ea3m th\u1ea5y ho\u00e0n to\u00e0n nh\u01b0 \u1edf nh\u00e0<\/p>\n<p style=\"text-align: justify;\"><span style=\"color: #ff0000;\"><strong><b>William Granett, M\u1ef9 (Th\u00e1ng 03\/2025)<\/b><\/strong><\/span><\/p>\n<p style=\"text-align: justify;\">Ch\u00fang t\u00f4i \u0111\u00e3 c\u00f3 2 ng\u00e0y tuy\u1ec7t v\u1eddi v\u1edbi D\u0169ng &#8211; ph\u00e1t hi\u1ec7n 69 lo\u00e0i v\u1edbi c\u00e1c chuy\u1ebfn \u0111i\u00a0v\u00e0o s\u00e1ng s\u1edbm v\u00e0 chi\u1ec1u mu\u1ed9n. Anh \u1ea5y r\u1ea5t hi\u1ec3u bi\u1ebft, n\u00f3i ti\u1ebfng Anh t\u1ed1t v\u00e0 tuy\u1ec7t v\u1eddi nh\u1ea5t l\u00e0 &#8211; r\u1ea5t vui v\u1ebb!<\/p>\n<p style=\"text-align: justify;\"><span style=\"color: #ff0000;\"><strong><b>Karlheinz, \u0110\u1ee9c <\/b><\/strong><strong><b>(<\/b><\/strong><strong><b>Th\u00e1ng 03\/<\/b><\/strong><strong><b>20<\/b><\/strong><strong><b>25<\/b><\/strong><strong><b>)<\/b><\/strong><\/span><\/p>\n<p style=\"text-align: justify;\">T\u00f4i \u0111\u00e3 d\u00e0nh 10 ng\u00e0y \u0111\u1ec3 ng\u1eafm chim v\u00e0 ch\u1ee5p \u1ea3nh v\u1edbi Vietnature Tour. T\u00f4i \u0111\u00e3 c\u00f3 m\u1ed9t h\u01b0\u1edbng d\u1eabn vi\u00ean tuy\u1ec7t v\u1eddi Nguy\u1ec5n L\u01b0\u01a1ng D\u0169ng. T\u00f4i \u0111\u00e3 \u1edf Ma Da v\u00e0i gi\u1edd (s\u1ebd t\u1ed1t h\u01a1n n\u1ebfu c\u00f3 th\u1eddi gian d\u00e0i h\u01a1n \u1edf \u0111\u00f3). Sau \u0111\u00f3, ch\u00fang t\u00f4i \u0111\u00e3 \u0111\u1ebfn C\u00e1t Ti\u00ean. Ti\u1ebfp t\u1ee5c \u0111\u1ebfn Di Linh v\u00e0 sau \u0111\u00f3 \u0111\u1ebfn \u0110\u00e0 L\u1ea1t! Th\u1eadt kh\u00f4ng may l\u00e0 t\u00f4i \u0111\u00e3 kh\u00f4ng kh\u00f4ng nh\u00ecn th\u1ea5y lo\u00e0i chim m\u1ee5c ti\u00eau quan tr\u1ecdng nh\u1ea5t c\u1ee7a m\u00ecnh\u00a0chim\u00a0C\u00f4 c\u00f4 xanh. Nh\u01b0ng \u00edt nh\u1ea5t ch\u00fang t\u00f4i \u0111\u00e3 nghe th\u1ea5y ti\u1ebfng chim hai l\u1ea7n (bu\u1ed5i chi\u1ec1u v\u00e0 bu\u1ed5i s\u00e1ng). V\u00ec v\u1eady, t\u00f4i ph\u1ea3i quay l\u1ea1i! C\u1ea3m \u01a1n D\u0169ng! T\u00f4i th\u1ef1c s\u1ef1 c\u00f3 th\u1ec3 gi\u1edbi thi\u1ec7u anh \u1ea5y!!! Karlheinz (66 tu\u1ed5i &#8211; \u0110\u1ee9c)<\/p>\n<p style=\"text-align: justify;\"><span style=\"color: #ff0000;\"><strong><b>Alexander Dianocki<\/b><\/strong><strong><b>, M\u1ef9 (Th\u00e1ng 02\/2025)<\/b><\/strong><\/span><\/p>\n<figure id=\"attachment_5835\" aria-describedby=\"caption-attachment-5835\" style=\"width: 987px\" class=\"wp-caption alignnone\"><img loading=\"lazy\" decoding=\"async\" class=\" wp-image-5835\" src=\"https:\/\/vietnaturetour.com\/wp-content\/uploads\/2025\/05\/z6610134601717_821e565fa5ad1540ed3591a57cab21c6.jpg\" alt=\"share experience with our services\" width=\"987\" height=\"740\" srcset=\"https:\/\/vietnaturetour.com\/wp-content\/uploads\/2025\/05\/z6610134601717_821e565fa5ad1540ed3591a57cab21c6.jpg 1280w, https:\/\/vietnaturetour.com\/wp-content\/uploads\/2025\/05\/z6610134601717_821e565fa5ad1540ed3591a57cab21c6-768x576.jpg 768w\" sizes=\"(max-width: 987px) 100vw, 987px\" \/><figcaption id=\"caption-attachment-5835\" class=\"wp-caption-text\">If you have an experience with our services that you\u2019d like to share, we\u2019re eager to hear from you: contact@vietnature.com or+84-948850468<\/figcaption><\/figure>\n<p style=\"text-align: justify;\">Ch\u00fang t\u00f4i \u0111\u00e3 c\u00f3 chuy\u1ebfn \u0111i b\u1ed9 ng\u1eafm chim\/thi\u00ean nhi\u00ean tr\u1ecdn ng\u00e0y (ch\u1ee5p \u1ea3nh) \u1edf C\u00e1t Ti\u00ean v\u1edbi Dzung. \u0110\u00f3 l\u00e0 chuy\u1ebfn \u0111i ch\u1ee5p \u1ea3nh \u0111\u1ed9ng v\u1eadt hoang d\u00e3 tuy\u1ec7t v\u1eddi nh\u1ea5t trong \u0111\u1eddi t\u00f4i cho \u0111\u1ebfn nay. Ch\u00fang t\u00f4i \u0111\u00e3 g\u1eb7p r\u1ea5t nhi\u1ec1u lo\u00e0i chim, kh\u1ec9, c\u00e1 s\u1ea5u&#8230; Dzung r\u1ea5t am hi\u1ec3u v\u1ec1 h\u1ec7 sinh th\u00e1i v\u00e0 c\u01b0 d\u00e2n c\u1ee7a n\u00f3, bao g\u1ed3m c\u1ea3 \u0111\u00e1nh gi\u00e1 khoa h\u1ecdc v\u1ec1 khu v\u1ef1c. Anh \u1ea5y c\u0169ng r\u1ea5t tuy\u1ec7t. T\u00f4i th\u1ef1c s\u1ef1 khuy\u00ean b\u1ea1n n\u00ean tham gia tr\u1ea3i nghi\u1ec7m n\u00e0y<\/p>\n<p style=\"text-align: justify;\"><span style=\"color: #ff0000;\"><strong><b>Nirmaljt Bar,<\/b><\/strong><strong><b>\u00a0<\/b><\/strong><strong><b>\u1ea4n \u0110\u1ed9 (Th\u00e1ng 02\/2025)<\/b><\/strong><\/span><\/p>\n<p style=\"text-align: justify;\">C\u00f3 m\u1ed9t kho\u1ea3ng th\u1eddi gian tuy\u1ec7t v\u1eddi t\u1ea1i v\u01b0\u1eddn qu\u1ed1c gia C\u00e1t Ti\u00ean, t\u1eadn h\u01b0\u1edfng tr\u1ecdn v\u1eb9n v\u00e0 nh\u00ecn th\u1ea5y r\u1ea5t nhi\u1ec1u lo\u00e0i chim \u0111\u1eb9p. T\u1ea5t c\u1ea3 c\u00f4ng lao \u0111\u1ec1u thu\u1ed9c v\u1ec1 ng\u01b0\u1eddi tuy\u1ec7t v\u1eddi v\u00e0 h\u01b0\u1edbng d\u1eabn vi\u00ean r\u1ea5t hi\u1ec3u bi\u1ebft, anh Dzung. Ch\u00fang t\u00f4i th\u1ef1c s\u1ef1 mu\u1ed1n gi\u1edbi thi\u1ec7u d\u1ecbch v\u1ee5 c\u1ee7a anh \u1ea5y cho b\u1ea5t k\u1ef3 ai \u0111\u1ebfn th\u0103m v\u01b0\u1eddn qu\u1ed1c gia.<\/p>\n<p style=\"text-align: justify;\"><span style=\"color: #ff0000;\"><strong><b>\u00a0Sarah Henning, \u0110\u1ee9c (Th\u00e1ng 2\/2025)<\/b><\/strong><\/span><\/p>\n<p style=\"text-align: justify;\"><img loading=\"lazy\" decoding=\"async\" class=\"alignnone wp-image-6013\" src=\"https:\/\/vietnaturetour.com\/wp-content\/uploads\/2025\/05\/z6610065591024_65bd39b59151e643e256c3e1c910a078.jpg\" alt=\"\" width=\"984\" height=\"1312\" srcset=\"https:\/\/vietnaturetour.com\/wp-content\/uploads\/2025\/05\/z6610065591024_65bd39b59151e643e256c3e1c910a078.jpg 960w, https:\/\/vietnaturetour.com\/wp-content\/uploads\/2025\/05\/z6610065591024_65bd39b59151e643e256c3e1c910a078-768x1024.jpg 768w\" sizes=\"(max-width: 984px) 100vw, 984px\" \/><\/p>\n<p style=\"text-align: justify;\">Dzung l\u00e0 m\u1ed9t h\u01b0\u1edbng d\u1eabn vi\u00ean phi th\u01b0\u1eddng. B\u00ean c\u1ea1nh ki\u1ebfn\u00a0th\u1ee9c s\u00e2u r\u1ed9ng v\u1ec1 chim ch\u00f3c v\u00e0 thi\u00ean nhi\u00ean, anh \u1ea5y bi\u1ebft c\u00e1ch bi\u1ebfn chuy\u1ebfn \u0111i th\u00e0nh m\u1ed9t cu\u1ed9c phi\u00eau l\u01b0u th\u1ef1c s\u1ef1 v\u00e0 m\u1ed9t k\u1ef7 ni\u1ec7m kh\u00f3 qu\u00ean. C\u1ea3m \u01a1n anh, t\u00f4i th\u1ef1c s\u1ef1 th\u00edch, hy v\u1ecdng s\u1ebd \u0111\u01b0\u1ee3c \u0111\u1ebfn C\u00e1t Ti\u00ean m\u1ed9t l\u1ea7n n\u1eefa.<\/p>\n<p style=\"text-align: justify;\"><span style=\"color: #ff0000;\"><strong><b>Petter Horrell, \u00a0Anh Qu\u1ed1c (Th\u00e1ng 02\/2025)<\/b><\/strong><\/span><\/p>\n<p style=\"text-align: justify;\">G\u1ea7n \u0111\u00e2y ch\u00fang t\u00f4i \u0111\u00e3 c\u00f3 chuy\u1ebfn \u0111i 3 ng\u00e0y\/2 \u0111\u00eam t\u1ea1i V\u01b0\u1eddn qu\u1ed1c gia C\u00e1t Ti\u00ean v\u1edbi Vietnature Tour. H\u01b0\u1edbng d\u1eabn vi\u00ean c\u1ee7a ch\u00fang t\u00f4i, Nguy\u1ec5n L\u01b0\u01a1ng D\u0169ng, r\u1ea5t hi\u1ec3u bi\u1ebft, chuy\u00ean nghi\u1ec7p v\u00e0 vui t\u00ednh. Ch\u00fang t\u00f4i \u0111\u00e3 tham gia nhi\u1ec1u ho\u1ea1t \u0111\u1ed9ng kh\u00e1c nhau bao g\u1ed3m \u0111i b\u1ed9 \u0111\u01b0\u1eddng d\u00e0i \u0111\u1ebfn b\u00e0u C\u00e1 S\u1ea5u tuy\u1ec7t \u0111\u1eb9p, \u0111i thuy\u1ec1n v\u00e0 \u0111i b\u1ed9\/l\u00e1i xe ng\u1eafm \u0111\u1ed9ng v\u1eadt hoang d\u00e3 \u0111\u1ec3 t\u1ed1i \u0111a h\u00f3a c\u01a1 h\u1ed9i ng\u1eafm nh\u00ecn h\u1ec7 \u0111\u1ed9ng th\u1ef1c v\u1eadt c\u1ee7a C\u00e1t Ti\u00ean. Khu r\u1eebng r\u1ea5t \u1ea5n t\u01b0\u1ee3ng v\u00e0 nh\u1eefng con \u0111\u01b0\u1eddng\/\u0111\u01b0\u1eddng m\u00f2n r\u1ea5t th\u00edch h\u1ee3p \u0111\u1ec3 \u0111i b\u1ed9. T\u1ea1i B\u00e0u s\u1ea5u c\u00f3 th\u1ec3 th\u01b0\u1edfng th\u1ee9c c\u00e0 fe v\u00e0 l\u00e0 n\u01a1i l\u00fd t\u01b0\u1edfng \u0111\u1ec3 th\u01b0 gi\u00e3n v\u00e0 ng\u1eafm c\u00e1 s\u1ea5u v\u00e0 chim. Nh\u00ecn chung, \u0111\u00e2y l\u00e0 chuy\u1ebfn th\u0103m r\u1ea5t th\u00fa v\u1ecb \u0111\u1ebfn V\u01b0\u1eddn qu\u1ed1c gia C\u00e1t Ti\u00ean. Ngo\u00e0i ra, Nguy\u1ec5n L\u01b0\u01a1ng D\u0169ng \u0111\u00e3 cung c\u1ea5p cho ch\u00fang t\u00f4i th\u00f4ng tin li\u00ean l\u1ea1c c\u1ee7a nh\u1eefng h\u01b0\u1edbng d\u1eabn vi\u00ean v\u1ec1 thi\u00ean nhi\u00ean \u1edf xa h\u01a1n v\u1ec1 khu v\u1ef1c mi\u1ec1n b\u1eafc Vi\u1ec7t Nam, \u0111i\u1ec1u n\u00e0y r\u1ea5t h\u1eefu \u00edch \u0111\u1ed1i v\u1edbi ch\u00fang t\u00f4i.<\/p>\n<p style=\"text-align: justify;\"><img loading=\"lazy\" decoding=\"async\" class=\"alignnone wp-image-5758\" src=\"https:\/\/vietnaturetour.com\/wp-content\/uploads\/2025\/05\/z6610070098146_a0a40c091dec845fc5592d5e2db0b019.jpg\" alt=\"\" width=\"998\" height=\"749\" srcset=\"https:\/\/vietnaturetour.com\/wp-content\/uploads\/2025\/05\/z6610070098146_a0a40c091dec845fc5592d5e2db0b019.jpg 1280w, https:\/\/vietnaturetour.com\/wp-content\/uploads\/2025\/05\/z6610070098146_a0a40c091dec845fc5592d5e2db0b019-768x576.jpg 768w\" sizes=\"(max-width: 998px) 100vw, 998px\" \/><\/p>\n<p style=\"text-align: justify;\"><span style=\"color: #ff0000;\"><strong><b>Grainnet Gordon Aitker Canada (Th\u00e1ng 02\/2017)<\/b><\/strong><\/span><\/p>\n<p style=\"text-align: justify;\">Ch\u00fang t\u00f4i \u0111\u00e3 c\u00f3 m\u1ed9t cu\u1ed1i tu\u1ea7n tuy\u1ec7t v\u1eddi v\u1edbi Dzung t\u1ea1i V\u01b0\u1eddn qu\u1ed1c gia C\u00e1t Ti\u00ean. Ki\u1ebfn th\u1ee9c v\u00e0 s\u1ef1 nhi\u1ec7t t\u00ecnh c\u1ee7a anh \u1ea5y v\u1ec1 c\u00f4ng vi\u00ean, h\u1ec7 th\u1ef1c v\u1eadt v\u00e0 \u0111\u1ed9ng v\u1eadt c\u1ee7a c\u00f4ng vi\u00ean l\u00e0 kh\u00f4ng ai s\u00e1nh b\u1eb1ng. Anh \u1ea5y \u0111\u00e3 chia s\u1ebb r\u1ea5t nhi\u1ec1u v\u1edbi ch\u00fang t\u00f4i trong th\u1eddi gian ng\u1eafn ng\u1ee7i ch\u00fang t\u00f4i \u1edf v\u01b0\u1eddn qu\u1ed1c gia. Ch\u00fang t\u00f4i l\u00e0 nh\u1eefng ng\u01b0\u1eddi \u0111am m\u00ea ho\u1ea1t \u0111\u1ed9ng ngo\u00e0i tr\u1eddi v\u00e0 ng\u1eafm chim n\u00ean th\u1eadt tuy\u1ec7t khi \u0111\u01b0\u1ee3c nh\u00ecn th\u1ea5y r\u1ea5t nhi\u1ec1u lo\u00e0i chim m\u1edbi v\u00e0 \u0111\u1eb9p \u0111\u1ec3 th\u00eam v\u00e0o &#8220;danh s\u00e1ch cu\u1ed9c \u0111\u1eddi&#8221; c\u1ee7a ch\u00fang t\u00f4i. Dzung \u0111\u00e3 l\u00e0m vi\u1ec7c t\u1ea1i v\u01b0\u1eddn qu\u1ed1c gia c\u00e1ch \u0111\u00e2y v\u00e0i n\u0103m v\u00e0 d\u01b0\u1eddng nh\u01b0 \u1edf m\u1ecdi n\u01a1i ch\u00fang t\u00f4i \u0111\u1ebfn, anh \u1ea5y \u0111\u1ec1u ch\u00e0o \u0111\u00f3n ch\u00fang t\u00f4i b\u1eb1ng n\u1ee5 c\u01b0\u1eddi v\u00e0 anh \u1ea5y g\u1eb7p g\u1ee1 r\u1ea5t nhi\u1ec1u b\u1ea1n \u1edf \u0111\u00e2y. Anh \u1ea5y \u0111\u00e3 chia s\u1ebb r\u1ea5t nhi\u1ec1u c\u00e2u chuy\u1ec7n, tr\u1ea3 l\u1eddi t\u1ea5t c\u1ea3 c\u00e1c c\u00e2u h\u1ecfi c\u1ee7a ch\u00fang t\u00f4i v\u1ec1 Vi\u1ec7t Nam, \u0111\u1ea5t n\u01b0\u1edbc, con ng\u01b0\u1eddi v\u00e0 v\u0103n h\u00f3a c\u0169ng nh\u01b0 nh\u1eefng c\u00e2u h\u1ecfi v\u1ec1 thi\u00ean nhi\u00ean. Ch\u00fang t\u00f4i th\u1ef1c s\u1ef1 gi\u1edbi thi\u1ec7u Dzung l\u00e0m h\u01b0\u1edbng d\u1eabn vi\u00ean v\u00e0 ch\u00fac anh \u1ea5y c\u00f3 th\u00eam nhi\u1ec1u cu\u1ed9c phi\u00eau l\u01b0u th\u00fa v\u1ecb h\u01a1n n\u1eefa. H\u00e3y lu\u00f4n m\u1ec9m c\u01b0\u1eddi.<\/p>\n<p style=\"text-align: justify;\"><img loading=\"lazy\" decoding=\"async\" class=\"alignnone size-full wp-image-6015\" src=\"https:\/\/vietnaturetour.com\/wp-content\/uploads\/2025\/05\/z6610135059674_d088733b851c78eeabbd76f5e2db9d0e.jpg\" alt=\"\" width=\"960\" height=\"1280\" srcset=\"https:\/\/vietnaturetour.com\/wp-content\/uploads\/2025\/05\/z6610135059674_d088733b851c78eeabbd76f5e2db9d0e.jpg 960w, https:\/\/vietnaturetour.com\/wp-content\/uploads\/2025\/05\/z6610135059674_d088733b851c78eeabbd76f5e2db9d0e-768x1024.jpg 768w\" sizes=\"(max-width: 960px) 100vw, 960px\" \/><\/p>\n<p style=\"text-align: justify;\">\n","protected":false},"excerpt":{"rendered":"<p>\u0110\u00c1NH GI\u00c1 Larry Espel, Anh Qu\u1ed1c (Th\u00e1ng 04\/2025) Nguy\u1ec5n L\u01b0\u01a1ng D\u0169ng l\u00e0 m\u1ed9t h\u01b0\u1edbng d\u1eabn vi\u00ean tuy\u1ec7t v\u1eddi cho ch\u00fang t\u00f4i trong chuy\u1ebfn tham quan chim h\u01a1n hai ng\u00e0y t\u1ea1i\u00a0v\u01b0\u1eddn qu\u1ed1c gia C\u00e1t Ti\u00ean. C\u00e1c \u0111i\u1ec3m xem v\u00e0 ch\u1ee5p \u1ea3nh \u00a0tuy\u1ec7t v\u1eddi. Anh \u1ea5y c\u00f3 ki\u1ebfn\u00a0th\u1ee9c s\u00e2u r\u1ed9ng, thi\u1ebft b\u1ecb v\u00e0 s\u1ef1 chu\u1ea9n b\u1ecb tuy\u1ec7t [&#8230;]\n","protected":false},"author":1,"featured_media":0,"parent":0,"menu_order":0,"comment_status":"closed","ping_status":"closed","template":"","meta":{"inline_featured_image":false,"footnotes":""},"class_list":["post-6137","page","type-page","status-publish","hentry"],"yoast_head":"<!-- This site is optimized with the Yoast SEO plugin v25.0 - https:\/\/yoast.com\/wordpress\/plugins\/seo\/ -->\n<title>\u0110\u00c1NH GI\u00c1 CH\u00daNG T\u00d4I - VIETNATURE-Embrace nature<\/title>\n<meta name=\"robots\" content=\"index, follow, max-snippet:-1, max-image-preview:large, max-video-preview:-1\" \/>\n<link rel=\"canonical\" href=\"https:\/\/vietnaturetour.com\/vi\/danh-gia-chung-toi\/\" \/>\n<meta property=\"og:locale\" content=\"vi_VN\" \/>\n<meta property=\"og:type\" content=\"article\" \/>\n<meta property=\"og:title\" content=\"\u0110\u00c1NH GI\u00c1 CH\u00daNG T\u00d4I - VIETNATURE-Embrace nature\" \/>\n<meta property=\"og:description\" content=\"\u0110\u00c1NH GI\u00c1 Larry Espel, Anh Qu\u1ed1c (Th\u00e1ng 04\/2025) Nguy\u1ec5n L\u01b0\u01a1ng D\u0169ng l\u00e0 m\u1ed9t h\u01b0\u1edbng d\u1eabn vi\u00ean tuy\u1ec7t v\u1eddi cho ch\u00fang t\u00f4i trong chuy\u1ebfn tham quan chim h\u01a1n hai ng\u00e0y t\u1ea1i\u00a0v\u01b0\u1eddn qu\u1ed1c gia C\u00e1t Ti\u00ean. C\u00e1c \u0111i\u1ec3m xem v\u00e0 ch\u1ee5p \u1ea3nh \u00a0tuy\u1ec7t v\u1eddi. Anh \u1ea5y c\u00f3 ki\u1ebfn\u00a0th\u1ee9c s\u00e2u r\u1ed9ng, thi\u1ebft b\u1ecb v\u00e0 s\u1ef1 chu\u1ea9n b\u1ecb tuy\u1ec7t [...]\" \/>\n<meta property=\"og:url\" content=\"https:\/\/vietnaturetour.com\/vi\/danh-gia-chung-toi\/\" \/>\n<meta property=\"og:site_name\" content=\"VIETNATURE-Embrace nature\" \/>\n<meta property=\"article:modified_time\" content=\"2025-06-16T14:04:08+00:00\" \/>\n<meta property=\"og:image\" content=\"https:\/\/vietnaturetour.com\/wp-content\/uploads\/2025\/05\/z6615754436867_c7d8780bdd12efd8ae349f77c2505500.jpg\" \/>\n<meta name=\"twitter:card\" content=\"summary_large_image\" \/>\n<meta name=\"twitter:label1\" content=\"\u01af\u1edbc t\u00ednh th\u1eddi gian \u0111\u1ecdc\" \/>\n\t<meta name=\"twitter:data1\" content=\"6 ph\u00fat\" \/>\n<script type=\"application\/ld+json\" class=\"yoast-schema-graph\">{\"@context\":\"https:\/\/schema.org\",\"@graph\":[{\"@type\":\"WebPage\",\"@id\":\"https:\/\/vietnaturetour.com\/vi\/danh-gia-chung-toi\/\",\"url\":\"https:\/\/vietnaturetour.com\/vi\/danh-gia-chung-toi\/\",\"name\":\"\u0110\u00c1NH GI\u00c1 CH\u00daNG T\u00d4I - VIETNATURE-Embrace nature\",\"isPartOf\":{\"@id\":\"https:\/\/vietnaturetour.com\/#website\"},\"primaryImageOfPage\":{\"@id\":\"https:\/\/vietnaturetour.com\/vi\/danh-gia-chung-toi\/#primaryimage\"},\"image\":{\"@id\":\"https:\/\/vietnaturetour.com\/vi\/danh-gia-chung-toi\/#primaryimage\"},\"thumbnailUrl\":\"https:\/\/vietnaturetour.com\/wp-content\/uploads\/2025\/05\/z6615754436867_c7d8780bdd12efd8ae349f77c2505500.jpg\",\"datePublished\":\"2025-06-16T04:31:32+00:00\",\"dateModified\":\"2025-06-16T14:04:08+00:00\",\"breadcrumb\":{\"@id\":\"https:\/\/vietnaturetour.com\/vi\/danh-gia-chung-toi\/#breadcrumb\"},\"inLanguage\":\"vi\",\"potentialAction\":[{\"@type\":\"ReadAction\",\"target\":[\"https:\/\/vietnaturetour.com\/vi\/danh-gia-chung-toi\/\"]}]},{\"@type\":\"ImageObject\",\"inLanguage\":\"vi\",\"@id\":\"https:\/\/vietnaturetour.com\/vi\/danh-gia-chung-toi\/#primaryimage\",\"url\":\"https:\/\/vietnaturetour.com\/wp-content\/uploads\/2025\/05\/z6615754436867_c7d8780bdd12efd8ae349f77c2505500.jpg\",\"contentUrl\":\"https:\/\/vietnaturetour.com\/wp-content\/uploads\/2025\/05\/z6615754436867_c7d8780bdd12efd8ae349f77c2505500.jpg\"},{\"@type\":\"BreadcrumbList\",\"@id\":\"https:\/\/vietnaturetour.com\/vi\/danh-gia-chung-toi\/#breadcrumb\",\"itemListElement\":[{\"@type\":\"ListItem\",\"position\":1,\"name\":\"Home\",\"item\":\"https:\/\/vietnaturetour.com\/vi\/\"},{\"@type\":\"ListItem\",\"position\":2,\"name\":\"\u0110\u00c1NH GI\u00c1 CH\u00daNG T\u00d4I\"}]},{\"@type\":\"WebSite\",\"@id\":\"https:\/\/vietnaturetour.com\/#website\",\"url\":\"https:\/\/vietnaturetour.com\/\",\"name\":\"VIETNATURE-Embrace nature\",\"description\":\"\",\"publisher\":{\"@id\":\"https:\/\/vietnaturetour.com\/#organization\"},\"potentialAction\":[{\"@type\":\"SearchAction\",\"target\":{\"@type\":\"EntryPoint\",\"urlTemplate\":\"https:\/\/vietnaturetour.com\/?s={search_term_string}\"},\"query-input\":{\"@type\":\"PropertyValueSpecification\",\"valueRequired\":true,\"valueName\":\"search_term_string\"}}],\"inLanguage\":\"vi\"},{\"@type\":\"Organization\",\"@id\":\"https:\/\/vietnaturetour.com\/#organization\",\"name\":\"VIETNATURE-Embrace nature\",\"url\":\"https:\/\/vietnaturetour.com\/\",\"logo\":{\"@type\":\"ImageObject\",\"inLanguage\":\"vi\",\"@id\":\"https:\/\/vietnaturetour.com\/#\/schema\/logo\/image\/\",\"url\":\"https:\/\/vietnaturetour.com\/wp-content\/uploads\/2025\/10\/VIETNATURE-e1763363910348.png\",\"contentUrl\":\"https:\/\/vietnaturetour.com\/wp-content\/uploads\/2025\/10\/VIETNATURE-e1763363910348.png\",\"width\":795,\"height\":366,\"caption\":\"VIETNATURE-Embrace nature\"},\"image\":{\"@id\":\"https:\/\/vietnaturetour.com\/#\/schema\/logo\/image\/\"}}]}<\/script>\n<!-- \/ Yoast SEO plugin. -->","yoast_head_json":{"title":"\u0110\u00c1NH GI\u00c1 CH\u00daNG T\u00d4I - VIETNATURE-Embrace nature","robots":{"index":"index","follow":"follow","max-snippet":"max-snippet:-1","max-image-preview":"max-image-preview:large","max-video-preview":"max-video-preview:-1"},"canonical":"https:\/\/vietnaturetour.com\/vi\/danh-gia-chung-toi\/","og_locale":"vi_VN","og_type":"article","og_title":"\u0110\u00c1NH GI\u00c1 CH\u00daNG T\u00d4I - VIETNATURE-Embrace nature","og_description":"\u0110\u00c1NH GI\u00c1 Larry Espel, Anh Qu\u1ed1c (Th\u00e1ng 04\/2025) Nguy\u1ec5n L\u01b0\u01a1ng D\u0169ng l\u00e0 m\u1ed9t h\u01b0\u1edbng d\u1eabn vi\u00ean tuy\u1ec7t v\u1eddi cho ch\u00fang t\u00f4i trong chuy\u1ebfn tham quan chim h\u01a1n hai ng\u00e0y t\u1ea1i\u00a0v\u01b0\u1eddn qu\u1ed1c gia C\u00e1t Ti\u00ean. C\u00e1c \u0111i\u1ec3m xem v\u00e0 ch\u1ee5p \u1ea3nh \u00a0tuy\u1ec7t v\u1eddi. Anh \u1ea5y c\u00f3 ki\u1ebfn\u00a0th\u1ee9c s\u00e2u r\u1ed9ng, thi\u1ebft b\u1ecb v\u00e0 s\u1ef1 chu\u1ea9n b\u1ecb tuy\u1ec7t [...]","og_url":"https:\/\/vietnaturetour.com\/vi\/danh-gia-chung-toi\/","og_site_name":"VIETNATURE-Embrace nature","article_modified_time":"2025-06-16T14:04:08+00:00","og_image":[{"url":"https:\/\/vietnaturetour.com\/wp-content\/uploads\/2025\/05\/z6615754436867_c7d8780bdd12efd8ae349f77c2505500.jpg","type":"","width":"","height":""}],"twitter_card":"summary_large_image","twitter_misc":{"\u01af\u1edbc t\u00ednh th\u1eddi gian \u0111\u1ecdc":"6 ph\u00fat"},"schema":{"@context":"https:\/\/schema.org","@graph":[{"@type":"WebPage","@id":"https:\/\/vietnaturetour.com\/vi\/danh-gia-chung-toi\/","url":"https:\/\/vietnaturetour.com\/vi\/danh-gia-chung-toi\/","name":"\u0110\u00c1NH GI\u00c1 CH\u00daNG T\u00d4I - VIETNATURE-Embrace nature","isPartOf":{"@id":"https:\/\/vietnaturetour.com\/#website"},"primaryImageOfPage":{"@id":"https:\/\/vietnaturetour.com\/vi\/danh-gia-chung-toi\/#primaryimage"},"image":{"@id":"https:\/\/vietnaturetour.com\/vi\/danh-gia-chung-toi\/#primaryimage"},"thumbnailUrl":"https:\/\/vietnaturetour.com\/wp-content\/uploads\/2025\/05\/z6615754436867_c7d8780bdd12efd8ae349f77c2505500.jpg","datePublished":"2025-06-16T04:31:32+00:00","dateModified":"2025-06-16T14:04:08+00:00","breadcrumb":{"@id":"https:\/\/vietnaturetour.com\/vi\/danh-gia-chung-toi\/#breadcrumb"},"inLanguage":"vi","potentialAction":[{"@type":"ReadAction","target":["https:\/\/vietnaturetour.com\/vi\/danh-gia-chung-toi\/"]}]},{"@type":"ImageObject","inLanguage":"vi","@id":"https:\/\/vietnaturetour.com\/vi\/danh-gia-chung-toi\/#primaryimage","url":"https:\/\/vietnaturetour.com\/wp-content\/uploads\/2025\/05\/z6615754436867_c7d8780bdd12efd8ae349f77c2505500.jpg","contentUrl":"https:\/\/vietnaturetour.com\/wp-content\/uploads\/2025\/05\/z6615754436867_c7d8780bdd12efd8ae349f77c2505500.jpg"},{"@type":"BreadcrumbList","@id":"https:\/\/vietnaturetour.com\/vi\/danh-gia-chung-toi\/#breadcrumb","itemListElement":[{"@type":"ListItem","position":1,"name":"Home","item":"https:\/\/vietnaturetour.com\/vi\/"},{"@type":"ListItem","position":2,"name":"\u0110\u00c1NH GI\u00c1 CH\u00daNG T\u00d4I"}]},{"@type":"WebSite","@id":"https:\/\/vietnaturetour.com\/#website","url":"https:\/\/vietnaturetour.com\/","name":"VIETNATURE-Embrace nature","description":"","publisher":{"@id":"https:\/\/vietnaturetour.com\/#organization"},"potentialAction":[{"@type":"SearchAction","target":{"@type":"EntryPoint","urlTemplate":"https:\/\/vietnaturetour.com\/?s={search_term_string}"},"query-input":{"@type":"PropertyValueSpecification","valueRequired":true,"valueName":"search_term_string"}}],"inLanguage":"vi"},{"@type":"Organization","@id":"https:\/\/vietnaturetour.com\/#organization","name":"VIETNATURE-Embrace nature","url":"https:\/\/vietnaturetour.com\/","logo":{"@type":"ImageObject","inLanguage":"vi","@id":"https:\/\/vietnaturetour.com\/#\/schema\/logo\/image\/","url":"https:\/\/vietnaturetour.com\/wp-content\/uploads\/2025\/10\/VIETNATURE-e1763363910348.png","contentUrl":"https:\/\/vietnaturetour.com\/wp-content\/uploads\/2025\/10\/VIETNATURE-e1763363910348.png","width":795,"height":366,"caption":"VIETNATURE-Embrace nature"},"image":{"@id":"https:\/\/vietnaturetour.com\/#\/schema\/logo\/image\/"}}]}},"_links":{"self":[{"href":"https:\/\/vietnaturetour.com\/vi\/wp-json\/wp\/v2\/pages\/6137"}],"collection":[{"href":"https:\/\/vietnaturetour.com\/vi\/wp-json\/wp\/v2\/pages"}],"about":[{"href":"https:\/\/vietnaturetour.com\/vi\/wp-json\/wp\/v2\/types\/page"}],"author":[{"embeddable":true,"href":"https:\/\/vietnaturetour.com\/vi\/wp-json\/wp\/v2\/users\/1"}],"replies":[{"embeddable":true,"href":"https:\/\/vietnaturetour.com\/vi\/wp-json\/wp\/v2\/comments?post=6137"}],"version-history":[{"count":2,"href":"https:\/\/vietnaturetour.com\/vi\/wp-json\/wp\/v2\/pages\/6137\/revisions"}],"predecessor-version":[{"id":6139,"href":"https:\/\/vietnaturetour.com\/vi\/wp-json\/wp\/v2\/pages\/6137\/revisions\/6139"}],"wp:attachment":[{"href":"https:\/\/vietnaturetour.com\/vi\/wp-json\/wp\/v2\/media?parent=6137"}],"curies":[{"name":"wp","href":"https:\/\/api.w.org\/{rel}","templated":true}]}}