{"id":5447,"date":"2025-01-08T13:48:35","date_gmt":"2025-01-08T06:48:35","guid":{"rendered":"https:\/\/vietnaturetour.com\/?page_id=5447"},"modified":"2025-02-13T14:31:26","modified_gmt":"2025-02-13T07:31:26","slug":"chia-se-voi-chung-toi","status":"publish","type":"page","link":"https:\/\/vietnaturetour.com\/vi\/chia-se-voi-chung-toi\/","title":{"rendered":"CHIA S\u1eba V\u1edaI CHUNG T\u00d4I"},"content":{"rendered":"\t<section class=\"section\" id=\"section_1407000334\">\n\t\t<div class=\"bg section-bg fill bg-fill  \" >\n\n\t\t\t\n\t\t\t\n\t\t\t\n\n\t\t<\/div>\n\n\t\t\n\n\t\t<div class=\"section-content relative\">\n\t\t\t\n\t<div class=\"img has-hover x md-x lg-x y md-y lg-y\" id=\"image_919459232\">\n\t\t\t\t\t\t\t\t<div class=\"img-inner dark\" >\n\t\t\t<img loading=\"lazy\" decoding=\"async\" width=\"1920\" height=\"896\" src=\"https:\/\/vietnaturetour.com\/wp-content\/uploads\/2025\/09\/vietnature-banner-2.03.png\" class=\"attachment-original size-original\" alt=\"\" srcset=\"https:\/\/vietnaturetour.com\/wp-content\/uploads\/2025\/09\/vietnature-banner-2.03.png 1920w, https:\/\/vietnaturetour.com\/wp-content\/uploads\/2025\/09\/vietnature-banner-2.03-768x358.png 768w, https:\/\/vietnaturetour.com\/wp-content\/uploads\/2025\/09\/vietnature-banner-2.03-1536x717.png 1536w\" sizes=\"(max-width: 1920px) 100vw, 1920px\" \/>\t\t\t\t\t\t\n\t\t\t\t\t<\/div>\n\t\t\t\t\t\t\t\t\n<style>\n#image_919459232 {\n  width: 100%;\n}\n<\/style>\n\t<\/div>\n\t\n\t\t<\/div>\n\n\t\t\n<style>\n#section_1407000334 {\n  padding-top: 0px;\n  padding-bottom: 0px;\n}\n#section_1407000334 .section-bg.bg-loaded {\n  background-image: 106;\n}\n<\/style>\n\t<\/section>\n\t\n\t<section class=\"section\" id=\"section_1262440839\">\n\t\t<div class=\"bg section-bg fill bg-fill  bg-loaded\" >\n\n\t\t\t\n\t\t\t\n\t\t\t\n\n\t\t<\/div>\n\n\t\t\n\n\t\t<div class=\"section-content relative\">\n\t\t\t\n<div class=\"row\"  id=\"row-284825076\">\n\n\t<div id=\"col-505808261\" class=\"col small-12 large-12\"  >\n\t\t\t\t<div class=\"col-inner\"  >\n\t\t\t\n\t\t\t\n\t<div id=\"gap-338070137\" class=\"gap-element clearfix\" style=\"display:block; height:auto;\">\n\t\t\n<style>\n#gap-338070137 {\n  padding-top: 30px;\n}\n<\/style>\n\t<\/div>\n\t\n<div class=\"searchform-wrapper ux-search-box relative is-large\"><form method=\"get\" class=\"searchform\" action=\"https:\/\/vietnaturetour.com\/vi\/\" role=\"search\">\n\t\t<div class=\"flex-row relative\">\n\t\t\t<div class=\"flex-col flex-grow\">\n\t   \t   <input type=\"search\" class=\"search-field mb-0\" name=\"s\" value=\"\" id=\"s\" placeholder=\"Search&hellip;\" \/>\n\t\t\t<\/div>\n\t\t\t<div class=\"flex-col\">\n\t\t\t\t<button type=\"submit\" class=\"ux-search-submit submit-button secondary button icon mb-0\" aria-label=\"N\u1ed9p\">\n\t\t\t\t\t<i class=\"icon-search\" ><\/i>\t\t\t\t<\/button>\n\t\t\t<\/div>\n\t\t<\/div>\n    <div class=\"live-search-results text-left z-top\"><\/div>\n<\/form>\n<\/div>\n\t\t<\/div>\n\t\t\t\t\t<\/div>\n\n\t\n<\/div>\n\t<div id=\"gap-678844520\" class=\"gap-element clearfix\" style=\"display:block; height:auto;\">\n\t\t\n<style>\n#gap-678844520 {\n  padding-top: 20px;\n}\n<\/style>\n\t<\/div>\n\t\n<div class=\"row\"  id=\"row-1377571928\">\n\n\t<div id=\"col-1832685673\" class=\"col small-12 large-12\"  >\n\t\t\t\t<div class=\"col-inner\"  >\n\t\t\t\n\t\t\t\n<h2>Chia s\u1ebb v\u1edbi ch\u00fang t\u00f4i<\/p>\n<\/h2>\n<div class=\"row align-middle align-center\"  id=\"row-592557965\">\n\n\t<div id=\"col-2052538450\" class=\"col pb-0 medium-7 small-12 large-7\"  >\n\t\t\t\t<div class=\"col-inner text-left\"  >\n\t\t\t\n\t\t\t\n\n<div class=\"wpcf7 no-js\" id=\"wpcf7-f2213-o1\" lang=\"en-US\" dir=\"ltr\" data-wpcf7-id=\"2213\">\n<div class=\"screen-reader-response\"><p role=\"status\" aria-live=\"polite\" aria-atomic=\"true\"><\/p> <ul><\/ul><\/div>\n<form action=\"\/vi\/wp-json\/wp\/v2\/pages\/5447#wpcf7-f2213-o1\" method=\"post\" class=\"wpcf7-form init\" aria-label=\"Contact form\" enctype=\"multipart\/form-data\" novalidate=\"novalidate\" data-status=\"init\">\n<div style=\"display: none;\">\n<input type=\"hidden\" name=\"_wpcf7\" value=\"2213\" \/>\n<input type=\"hidden\" name=\"_wpcf7_version\" value=\"6.0.6\" \/>\n<input type=\"hidden\" name=\"_wpcf7_locale\" value=\"en_US\" \/>\n<input type=\"hidden\" name=\"_wpcf7_unit_tag\" value=\"wpcf7-f2213-o1\" \/>\n<input type=\"hidden\" name=\"_wpcf7_container_post\" value=\"0\" \/>\n<input type=\"hidden\" name=\"_wpcf7_posted_data_hash\" value=\"\" \/>\n<\/div>\n<div style=\"display: none\"><p><span class=\"wpcf7-form-control-wrap\" data-name=\"mbws\"><input size=\"40\" class=\"wpcf7-form-control wpcf7-text\" aria-invalid=\"false\" value=\"\" type=\"text\" name=\"mbws\"><\/span><\/p><\/div><div class=\"feedback-form\">\n<h2>Vietnature Tour<\/h2>\n<p>Ch\u00fang t\u00f4i mu\u1ed1n nghe g\u00f3p \u00fd t\u1eeb b\u1ea1n! B\u1ea1n c\u00f3 c\u00e2u h\u1ecfi n\u00e0o v\u1ec1 thi\u00ean nhi\u00ean kh\u00f4ng? B\u1ea1n c\u00f3 t\u00f2 m\u00f2 v\u1ec1 m\u1ed9t trong nh\u1eefng chuy\u1ebfn tham quan c\u1ee7a ch\u00fang t\u00f4i kh\u00f4ng? B\u1ea1n \u0111ang c\u1ea7n t\u01b0 v\u1ea5n v\u1ec1 s\u1ea3n ph\u1ea9m? S\u1eed d\u1ee5ng m\u1eabu li\u00ean h\u1ec7 v\u00e0 ch\u00fang t\u00f4i s\u1ebd li\u00ean l\u1ea1c ngay.<\/p>\n<label>T\u00ean c\u1ee7a b\u1ea1n\n<span class=\"wpcf7-form-control-wrap\" data-name=\"your-name\"><input size=\"40\" maxlength=\"400\" class=\"wpcf7-form-control wpcf7-text\" aria-invalid=\"false\" value=\"\" type=\"text\" name=\"your-name\" \/><\/span><\/label>\n\n<label>Email c\u1ee7a b\u1ea1n*\n<span class=\"wpcf7-form-control-wrap\" data-name=\"your-email\"><input size=\"40\" maxlength=\"400\" class=\"wpcf7-form-control wpcf7-email wpcf7-validates-as-required wpcf7-text wpcf7-validates-as-email\" aria-required=\"true\" aria-invalid=\"false\" value=\"\" type=\"email\" name=\"your-email\" \/><\/span><\/label>\n\n<label>S\u1ed1 \u0111i\u1ec7n tho\u1ea1i\n<span class=\"wpcf7-form-control-wrap\" data-name=\"phone-number\"><input size=\"40\" maxlength=\"400\" class=\"wpcf7-form-control wpcf7-tel wpcf7-text wpcf7-validates-as-tel\" aria-invalid=\"false\" value=\"\" type=\"tel\" name=\"phone-number\" \/><\/span><\/label>\n\n<label>N\u01a1i \u1edf\n<span class=\"wpcf7-form-control-wrap\" data-name=\"your-country\"><input size=\"40\" maxlength=\"400\" class=\"wpcf7-form-control wpcf7-text wpcf7-validates-as-required\" aria-required=\"true\" aria-invalid=\"false\" value=\"\" type=\"text\" name=\"your-country\" \/><\/span><\/label>\n\n<label>Cung c\u1ea5p th\u00f4ng tin\n<span class=\"wpcf7-form-control-wrap\" data-name=\"help\"><select class=\"wpcf7-form-control wpcf7-select\" aria-invalid=\"false\" name=\"help\"><option value=\"Th\u00f4ng tin c\u00e1c ch\u01b0\u01a1ng tr\u00ecnh tham quan\">Th\u00f4ng tin c\u00e1c ch\u01b0\u01a1ng tr\u00ecnh tham quan<\/option><option value=\"H\u01b0\u1edbng d\u1eabn vi\u00ean c\u00e1 nh\u00e2n\">H\u01b0\u1edbng d\u1eabn vi\u00ean c\u00e1 nh\u00e2n<\/option><option value=\"\u0110\u1eb7t tour t\u1eeb c\u00f4ng ty\">\u0110\u1eb7t tour t\u1eeb c\u00f4ng ty<\/option><option value=\"C\u00e2u h\u1ecfi t\u1ed5ng quan\">C\u00e2u h\u1ecfi t\u1ed5ng quan<\/option><option value=\"\u00dd ki\u1ebfn kh\u00e1c\">\u00dd ki\u1ebfn kh\u00e1c<\/option><\/select><\/span><\/label>\n\n<label>C\u00e1c c\u00e2u h\u1ecfi kh\u00e1c\n<span class=\"wpcf7-form-control-wrap\" data-name=\"question-comments\"><textarea cols=\"40\" rows=\"10\" maxlength=\"2000\" class=\"wpcf7-form-control wpcf7-textarea\" aria-invalid=\"false\" name=\"question-comments\"><\/textarea><\/span><\/label>\n\n<p>Ch\u00fang t\u00f4i \u0111\u00e1nh gi\u00e1 cao m\u1ecdi ph\u1ea3n h\u1ed3i, cho d\u00f9 \u0111\u00f3 l\u00e0 l\u1eddi khen ng\u1ee3i hay \u0111\u1ec1 xu\u1ea5t c\u1ea3i ti\u1ebfn. N\u1ebfu b\u1ea1n mu\u1ed1n chia s\u1ebb tr\u1ea3i nghi\u1ec7m v\u1edbi c\u00e1c d\u1ecbch v\u1ee5 c\u1ee7a ch\u00fang t\u00f4i, ch\u00fang t\u00f4i r\u1ea5t mong nh\u1eadn \u0111\u01b0\u1ee3c ph\u1ea3n h\u1ed3i t\u1eeb b\u1ea1n. Vui l\u00f2ng cung c\u1ea5p chi ti\u1ebft b\u00ean d\u01b0\u1edbi<\/p>\n\n<label>Nh\u1eefng \u0111i\u1ec3m \u0111\u1ebfn n\u00e0o \u0111\u00e3 \u0111\u01b0\u1ee3c gh\u00e9 th\u0103m ho\u1eb7c l\u00e0m vi\u1ec7c?\n<span class=\"wpcf7-form-control-wrap\" data-name=\"destinations\"><input size=\"40\" maxlength=\"400\" class=\"wpcf7-form-control wpcf7-text\" aria-invalid=\"false\" value=\"\" type=\"text\" name=\"destinations\" \/><\/span><\/label>\n\n<label>B\u1ea1n c\u00f3 th\u1ec3 chia s\u1ebb b\u1ea5t k\u1ef3 h\u00ecnh \u1ea3nh v\u00e0 video n\u00e0o kh\u00f4ng?\n<span class=\"wpcf7-form-control-wrap\" data-name=\"photo\"><input size=\"40\" class=\"wpcf7-form-control wpcf7-file\" accept=\".png,.pdf,.jpg,.jpeg,.gif,.webp\" aria-invalid=\"false\" type=\"file\" name=\"photo\" \/><\/span><\/label>\n\n<label>H\u00e3y cho ch\u00fang t\u00f4i bi\u1ebft v\u1ec1 tr\u1ea3i nghi\u1ec7m c\u1ee7a b\u1ea1n khi l\u00e0m vi\u1ec7c v\u1edbi ch\u00fang t\u00f4i\n<span class=\"wpcf7-form-control-wrap\" data-name=\"experience\"><input size=\"40\" maxlength=\"400\" class=\"wpcf7-form-control wpcf7-text\" aria-invalid=\"false\" value=\"\" type=\"text\" name=\"experience\" \/><\/span><\/label>\n\n<label>Vui l\u00f2ng bao g\u1ed3m th\u00f4ng tin chi ti\u1ebft v\u1ec1 chuy\u1ebfn \u0111i c\u1ee7a b\u1ea1n, m\u1ecdi th\u00f4ng tin chi ti\u1ebft thu \u0111\u01b0\u1ee3c, nh\u1eefng g\u00ec b\u1ea1n th\u00edch v\u00e0 b\u1ea5t k\u1ef3 \u0111i\u1ec1u g\u00ec kh\u00e1c m\u00e0 b\u1ea1n mu\u1ed1n chia s\u1ebb.<\/label>\n\n<span class=\"wpcf7-form-control-wrap\" data-name=\"accept-share\"><span class=\"wpcf7-form-control wpcf7-checkbox\"><span class=\"wpcf7-list-item first last\"><label><input type=\"checkbox\" name=\"accept-share[]\" value=\"T\u00f4i cho ph\u00e9p Vietnature Tour chia s\u1ebb ph\u1ea3n h\u1ed3i n\u00e0y (T\u00ean kh\u00f4ng \u0111\u01b0\u1ee3c chia s\u1ebb)\" \/><span class=\"wpcf7-list-item-label\">T\u00f4i cho ph\u00e9p Vietnature Tour chia s\u1ebb ph\u1ea3n h\u1ed3i n\u00e0y (T\u00ean kh\u00f4ng \u0111\u01b0\u1ee3c chia s\u1ebb)<\/span><\/label><\/span><\/span><\/span>\n\n\n<input class=\"wpcf7-form-control wpcf7-submit has-spinner\" type=\"submit\" value=\"G\u1eedi\" \/>\n\n<\/div><div class=\"wpcf7-response-output\" aria-hidden=\"true\"><\/div>\n<\/form>\n<\/div>\n\n\t\t<\/div>\n\t\t\t\t\t<\/div>\n\n\t\n<\/div>\n\t\t<\/div>\n\t\t\t\t\t<\/div>\n\n\t\n<\/div>\n\t\t<\/div>\n\n\t\t\n<style>\n#section_1262440839 {\n  padding-top: 30px;\n  padding-bottom: 30px;\n  background-color: rgb(237, 237, 237);\n}\n<\/style>\n\t<\/section>\n\t\n","protected":false},"excerpt":{"rendered":"","protected":false},"author":3,"featured_media":5835,"parent":0,"menu_order":0,"comment_status":"closed","ping_status":"closed","template":"page-transparent-header.php","meta":{"inline_featured_image":false,"footnotes":""},"class_list":["post-5447","page","type-page","status-publish","has-post-thumbnail","hentry"],"yoast_head":"<!-- This site is optimized with the Yoast SEO plugin v25.0 - https:\/\/yoast.com\/wordpress\/plugins\/seo\/ -->\n<title>CHIA S\u1eba V\u1edaI CHUNG T\u00d4I - VIETNATURE-Embrace nature<\/title>\n<meta name=\"robots\" content=\"index, follow, max-snippet:-1, max-image-preview:large, max-video-preview:-1\" \/>\n<link rel=\"canonical\" href=\"https:\/\/vietnaturetour.com\/vi\/chia-se-voi-chung-toi\/\" \/>\n<meta property=\"og:locale\" content=\"vi_VN\" \/>\n<meta property=\"og:type\" content=\"article\" \/>\n<meta property=\"og:title\" content=\"CHIA S\u1eba V\u1edaI CHUNG T\u00d4I - VIETNATURE-Embrace nature\" \/>\n<meta property=\"og:url\" content=\"https:\/\/vietnaturetour.com\/vi\/chia-se-voi-chung-toi\/\" \/>\n<meta property=\"og:site_name\" content=\"VIETNATURE-Embrace nature\" \/>\n<meta property=\"article:modified_time\" content=\"2025-02-13T07:31:26+00:00\" \/>\n<meta property=\"og:image\" content=\"https:\/\/vietnaturetour.com\/wp-content\/uploads\/2025\/05\/z6610134601717_821e565fa5ad1540ed3591a57cab21c6.jpg\" \/>\n\t<meta property=\"og:image:width\" content=\"1280\" \/>\n\t<meta property=\"og:image:height\" content=\"960\" \/>\n\t<meta property=\"og:image:type\" content=\"image\/jpeg\" \/>\n<meta name=\"twitter:card\" content=\"summary_large_image\" \/>\n<script type=\"application\/ld+json\" class=\"yoast-schema-graph\">{\"@context\":\"https:\/\/schema.org\",\"@graph\":[{\"@type\":\"WebPage\",\"@id\":\"https:\/\/vietnaturetour.com\/vi\/chia-se-voi-chung-toi\/\",\"url\":\"https:\/\/vietnaturetour.com\/vi\/chia-se-voi-chung-toi\/\",\"name\":\"CHIA S\u1eba V\u1edaI CHUNG T\u00d4I - VIETNATURE-Embrace nature\",\"isPartOf\":{\"@id\":\"https:\/\/vietnaturetour.com\/#website\"},\"primaryImageOfPage\":{\"@id\":\"https:\/\/vietnaturetour.com\/vi\/chia-se-voi-chung-toi\/#primaryimage\"},\"image\":{\"@id\":\"https:\/\/vietnaturetour.com\/vi\/chia-se-voi-chung-toi\/#primaryimage\"},\"thumbnailUrl\":\"https:\/\/vietnaturetour.com\/wp-content\/uploads\/2025\/05\/z6610134601717_821e565fa5ad1540ed3591a57cab21c6.jpg\",\"datePublished\":\"2025-01-08T06:48:35+00:00\",\"dateModified\":\"2025-02-13T07:31:26+00:00\",\"breadcrumb\":{\"@id\":\"https:\/\/vietnaturetour.com\/vi\/chia-se-voi-chung-toi\/#breadcrumb\"},\"inLanguage\":\"vi\",\"potentialAction\":[{\"@type\":\"ReadAction\",\"target\":[\"https:\/\/vietnaturetour.com\/vi\/chia-se-voi-chung-toi\/\"]}]},{\"@type\":\"ImageObject\",\"inLanguage\":\"vi\",\"@id\":\"https:\/\/vietnaturetour.com\/vi\/chia-se-voi-chung-toi\/#primaryimage\",\"url\":\"https:\/\/vietnaturetour.com\/wp-content\/uploads\/2025\/05\/z6610134601717_821e565fa5ad1540ed3591a57cab21c6.jpg\",\"contentUrl\":\"https:\/\/vietnaturetour.com\/wp-content\/uploads\/2025\/05\/z6610134601717_821e565fa5ad1540ed3591a57cab21c6.jpg\",\"width\":1280,\"height\":960,\"caption\":\"If you have an experience with our services that you\u2019d like to share, we\u2019re eager to hear from you: contact@vietnature.com or+84-948850468\"},{\"@type\":\"BreadcrumbList\",\"@id\":\"https:\/\/vietnaturetour.com\/vi\/chia-se-voi-chung-toi\/#breadcrumb\",\"itemListElement\":[{\"@type\":\"ListItem\",\"position\":1,\"name\":\"Home\",\"item\":\"https:\/\/vietnaturetour.com\/vi\/\"},{\"@type\":\"ListItem\",\"position\":2,\"name\":\"CHIA S\u1eba V\u1edaI CHUNG T\u00d4I\"}]},{\"@type\":\"WebSite\",\"@id\":\"https:\/\/vietnaturetour.com\/#website\",\"url\":\"https:\/\/vietnaturetour.com\/\",\"name\":\"VIETNATURE-Embrace nature\",\"description\":\"\",\"publisher\":{\"@id\":\"https:\/\/vietnaturetour.com\/#organization\"},\"potentialAction\":[{\"@type\":\"SearchAction\",\"target\":{\"@type\":\"EntryPoint\",\"urlTemplate\":\"https:\/\/vietnaturetour.com\/?s={search_term_string}\"},\"query-input\":{\"@type\":\"PropertyValueSpecification\",\"valueRequired\":true,\"valueName\":\"search_term_string\"}}],\"inLanguage\":\"vi\"},{\"@type\":\"Organization\",\"@id\":\"https:\/\/vietnaturetour.com\/#organization\",\"name\":\"VIETNATURE-Embrace nature\",\"url\":\"https:\/\/vietnaturetour.com\/\",\"logo\":{\"@type\":\"ImageObject\",\"inLanguage\":\"vi\",\"@id\":\"https:\/\/vietnaturetour.com\/#\/schema\/logo\/image\/\",\"url\":\"https:\/\/vietnaturetour.com\/wp-content\/uploads\/2025\/10\/VIETNATURE-e1763363910348.png\",\"contentUrl\":\"https:\/\/vietnaturetour.com\/wp-content\/uploads\/2025\/10\/VIETNATURE-e1763363910348.png\",\"width\":795,\"height\":366,\"caption\":\"VIETNATURE-Embrace nature\"},\"image\":{\"@id\":\"https:\/\/vietnaturetour.com\/#\/schema\/logo\/image\/\"}}]}<\/script>\n<!-- \/ Yoast SEO plugin. -->","yoast_head_json":{"title":"CHIA S\u1eba V\u1edaI CHUNG T\u00d4I - VIETNATURE-Embrace nature","robots":{"index":"index","follow":"follow","max-snippet":"max-snippet:-1","max-image-preview":"max-image-preview:large","max-video-preview":"max-video-preview:-1"},"canonical":"https:\/\/vietnaturetour.com\/vi\/chia-se-voi-chung-toi\/","og_locale":"vi_VN","og_type":"article","og_title":"CHIA S\u1eba V\u1edaI CHUNG T\u00d4I - VIETNATURE-Embrace nature","og_url":"https:\/\/vietnaturetour.com\/vi\/chia-se-voi-chung-toi\/","og_site_name":"VIETNATURE-Embrace nature","article_modified_time":"2025-02-13T07:31:26+00:00","og_image":[{"width":1280,"height":960,"url":"https:\/\/vietnaturetour.com\/wp-content\/uploads\/2025\/05\/z6610134601717_821e565fa5ad1540ed3591a57cab21c6.jpg","type":"image\/jpeg"}],"twitter_card":"summary_large_image","schema":{"@context":"https:\/\/schema.org","@graph":[{"@type":"WebPage","@id":"https:\/\/vietnaturetour.com\/vi\/chia-se-voi-chung-toi\/","url":"https:\/\/vietnaturetour.com\/vi\/chia-se-voi-chung-toi\/","name":"CHIA S\u1eba V\u1edaI CHUNG T\u00d4I - VIETNATURE-Embrace nature","isPartOf":{"@id":"https:\/\/vietnaturetour.com\/#website"},"primaryImageOfPage":{"@id":"https:\/\/vietnaturetour.com\/vi\/chia-se-voi-chung-toi\/#primaryimage"},"image":{"@id":"https:\/\/vietnaturetour.com\/vi\/chia-se-voi-chung-toi\/#primaryimage"},"thumbnailUrl":"https:\/\/vietnaturetour.com\/wp-content\/uploads\/2025\/05\/z6610134601717_821e565fa5ad1540ed3591a57cab21c6.jpg","datePublished":"2025-01-08T06:48:35+00:00","dateModified":"2025-02-13T07:31:26+00:00","breadcrumb":{"@id":"https:\/\/vietnaturetour.com\/vi\/chia-se-voi-chung-toi\/#breadcrumb"},"inLanguage":"vi","potentialAction":[{"@type":"ReadAction","target":["https:\/\/vietnaturetour.com\/vi\/chia-se-voi-chung-toi\/"]}]},{"@type":"ImageObject","inLanguage":"vi","@id":"https:\/\/vietnaturetour.com\/vi\/chia-se-voi-chung-toi\/#primaryimage","url":"https:\/\/vietnaturetour.com\/wp-content\/uploads\/2025\/05\/z6610134601717_821e565fa5ad1540ed3591a57cab21c6.jpg","contentUrl":"https:\/\/vietnaturetour.com\/wp-content\/uploads\/2025\/05\/z6610134601717_821e565fa5ad1540ed3591a57cab21c6.jpg","width":1280,"height":960,"caption":"If you have an experience with our services that you\u2019d like to share, we\u2019re eager to hear from you: contact@vietnature.com or+84-948850468"},{"@type":"BreadcrumbList","@id":"https:\/\/vietnaturetour.com\/vi\/chia-se-voi-chung-toi\/#breadcrumb","itemListElement":[{"@type":"ListItem","position":1,"name":"Home","item":"https:\/\/vietnaturetour.com\/vi\/"},{"@type":"ListItem","position":2,"name":"CHIA S\u1eba V\u1edaI CHUNG T\u00d4I"}]},{"@type":"WebSite","@id":"https:\/\/vietnaturetour.com\/#website","url":"https:\/\/vietnaturetour.com\/","name":"VIETNATURE-Embrace nature","description":"","publisher":{"@id":"https:\/\/vietnaturetour.com\/#organization"},"potentialAction":[{"@type":"SearchAction","target":{"@type":"EntryPoint","urlTemplate":"https:\/\/vietnaturetour.com\/?s={search_term_string}"},"query-input":{"@type":"PropertyValueSpecification","valueRequired":true,"valueName":"search_term_string"}}],"inLanguage":"vi"},{"@type":"Organization","@id":"https:\/\/vietnaturetour.com\/#organization","name":"VIETNATURE-Embrace nature","url":"https:\/\/vietnaturetour.com\/","logo":{"@type":"ImageObject","inLanguage":"vi","@id":"https:\/\/vietnaturetour.com\/#\/schema\/logo\/image\/","url":"https:\/\/vietnaturetour.com\/wp-content\/uploads\/2025\/10\/VIETNATURE-e1763363910348.png","contentUrl":"https:\/\/vietnaturetour.com\/wp-content\/uploads\/2025\/10\/VIETNATURE-e1763363910348.png","width":795,"height":366,"caption":"VIETNATURE-Embrace nature"},"image":{"@id":"https:\/\/vietnaturetour.com\/#\/schema\/logo\/image\/"}}]}},"_links":{"self":[{"href":"https:\/\/vietnaturetour.com\/vi\/wp-json\/wp\/v2\/pages\/5447"}],"collection":[{"href":"https:\/\/vietnaturetour.com\/vi\/wp-json\/wp\/v2\/pages"}],"about":[{"href":"https:\/\/vietnaturetour.com\/vi\/wp-json\/wp\/v2\/types\/page"}],"author":[{"embeddable":true,"href":"https:\/\/vietnaturetour.com\/vi\/wp-json\/wp\/v2\/users\/3"}],"replies":[{"embeddable":true,"href":"https:\/\/vietnaturetour.com\/vi\/wp-json\/wp\/v2\/comments?post=5447"}],"version-history":[{"count":3,"href":"https:\/\/vietnaturetour.com\/vi\/wp-json\/wp\/v2\/pages\/5447\/revisions"}],"predecessor-version":[{"id":5492,"href":"https:\/\/vietnaturetour.com\/vi\/wp-json\/wp\/v2\/pages\/5447\/revisions\/5492"}],"wp:featuredmedia":[{"embeddable":true,"href":"https:\/\/vietnaturetour.com\/vi\/wp-json\/wp\/v2\/media\/5835"}],"wp:attachment":[{"href":"https:\/\/vietnaturetour.com\/vi\/wp-json\/wp\/v2\/media?parent=5447"}],"curies":[{"name":"wp","href":"https:\/\/api.w.org\/{rel}","templated":true}]}}