{"id":5435,"date":"2025-01-08T13:39:35","date_gmt":"2025-01-08T06:39:35","guid":{"rendered":"https:\/\/vietnaturetour.com\/?page_id=5435"},"modified":"2025-09-05T22:46:58","modified_gmt":"2025-09-05T15:46:58","slug":"muc-tieu-chuyen-di","status":"publish","type":"page","link":"https:\/\/vietnaturetour.com\/vi\/muc-tieu-chuyen-di\/","title":{"rendered":"CH\u00cdNH S\u00c1CH TOUR"},"content":{"rendered":"\n\t<section class=\"section\" id=\"section_1954973674\">\n\t\t<div class=\"bg section-bg fill bg-fill  bg-loaded\" >\n\n\t\t\t\n\t\t\t\n\t\t\t\n\n\t\t<\/div>\n\n\t\t\n\n\t\t<div class=\"section-content relative\">\n\t\t\t\n\t<div class=\"img has-hover x md-x lg-x y md-y lg-y\" id=\"image_1526795900\">\n\t\t\t\t\t\t\t\t<div class=\"img-inner dark\" >\n\t\t\t<img loading=\"lazy\" decoding=\"async\" width=\"1920\" height=\"896\" src=\"https:\/\/vietnaturetour.com\/wp-content\/uploads\/2025\/09\/vietnature-banner-2.03.png\" class=\"attachment-original size-original\" alt=\"\" srcset=\"https:\/\/vietnaturetour.com\/wp-content\/uploads\/2025\/09\/vietnature-banner-2.03.png 1920w, https:\/\/vietnaturetour.com\/wp-content\/uploads\/2025\/09\/vietnature-banner-2.03-768x358.png 768w, https:\/\/vietnaturetour.com\/wp-content\/uploads\/2025\/09\/vietnature-banner-2.03-1536x717.png 1536w\" sizes=\"(max-width: 1920px) 100vw, 1920px\" \/>\t\t\t\t\t\t\n\t\t\t\t\t<\/div>\n\t\t\t\t\t\t\t\t\n<style>\n#image_1526795900 {\n  width: 100%;\n}\n<\/style>\n\t<\/div>\n\t\n\t\t<\/div>\n\n\t\t\n<style>\n#section_1954973674 {\n  padding-top: 0px;\n  padding-bottom: 0px;\n}\n<\/style>\n\t<\/section>\n\t\n\t<section class=\"section\" id=\"section_964046993\">\n\t\t<div class=\"bg section-bg fill bg-fill  bg-loaded\" >\n\n\t\t\t\n\t\t\t\n\t\t\t\n\n\t\t<\/div>\n\n\t\t\n\n\t\t<div class=\"section-content relative\">\n\t\t\t\n<div class=\"row\"  id=\"row-1419703273\">\n\n\t<div id=\"col-162733470\" class=\"col pb-0 medium-6 small-12 large-6\"  >\n\t\t\t\t<div class=\"col-inner\"  >\n\t\t\t\n\t\t\t\n<p style=\"text-align: justify;\"><strong>Vietnature Tour lu\u00f4n \u0111\u1eb7t l\u1ee3i \u00edch, s\u1ef1 an to\u00e0n v\u00e0 ch\u1ea5t l\u01b0\u1ee3ng d\u1ecbch v\u1ee5 c\u1ee7a kh\u00e1ch h\u00e0ng l\u00ean h\u00e0ng \u0111\u1ea7u.<\/strong><\/p>\n<h3 style=\"text-align: justify;\"><span style=\"color: #ff0000;\">\u0110\u1eb7t ch\u1ed7 &amp; Thanh to\u00e1n<\/span><\/h3>\n<p style=\"text-align: justify;\">Vi\u1ec7c \u0111\u1eb7t ch\u1ed7 s\u1edbm gi\u00fap ch\u00fang t\u00f4i l\u00ean l\u1ecbch, chu\u1ea9n b\u1ecb d\u1ecbch v\u1ee5 v\u00e0 t\u1ed5 ch\u1ee9c tour du l\u1ecbch c\u1ee7a b\u1ea1n m\u1ed9t c\u00e1ch hi\u1ec7u qu\u1ea3, \u0111\u1ea3m b\u1ea3o mang \u0111\u1ebfn tr\u1ea3i nghi\u1ec7m t\u1ed1t nh\u1ea5t.<\/p>\n<p style=\"text-align: justify;\">\u2714 <strong>Y\u00eau c\u1ea7u \u0111\u1eb7t c\u1ecdc 20% gi\u00e1 tour<\/strong> \u0111\u1ec3 gi\u1eef ch\u1ed7. \u2714 <strong>80% c\u00f2n l\u1ea1i<\/strong> c\u1ea7n \u0111\u01b0\u1ee3c thanh to\u00e1n tr\u01b0\u1edbc ng\u00e0y kh\u1edfi h\u00e0nh ho\u1eb7c khi \u0111\u1ebfn n\u01a1i.<\/p>\n<p style=\"text-align: justify;\">Th\u00f4ng tin chi ti\u1ebft v\u1ec1 thanh to\u00e1n s\u1ebd \u0111\u01b0\u1ee3c Vietnature Tour g\u1eedi qua email, WhatsApp, Zalo ho\u1eb7c ph\u01b0\u01a1ng th\u1ee9c li\u00ean h\u1ec7 m\u00e0 b\u1ea1n l\u1ef1a ch\u1ecdn.<\/p>\n<h3 style=\"text-align: justify;\"><span style=\"color: #ff0000;\"><strong>Ch\u00ednh s\u00e1ch h\u1ee7y tour<\/strong><\/span><\/h3>\n<p style=\"text-align: justify;\">N\u1ebfu b\u1ea1n c\u1ea7n h\u1ee7y tour, vui l\u00f2ng g\u1eedi y\u00eau c\u1ea7u qua email, sau \u0111\u00f3 x\u00e1c nh\u1eadn l\u1ea1i b\u1eb1ng \u0111i\u1ec7n tho\u1ea1i ho\u1eb7c WhatsApp v\u1edbi Vietnature Tour. Sau khi ho\u00e0n t\u1ea5t, b\u1ea1n c\u0169ng c\u00f3 th\u1ec3 th\u01b0 gi\u00e3n v\u00e0 tr\u1ea3i nghi\u1ec7m c\u00e1c tr\u00f2 ch\u01a1i tr\u1ef1c tuy\u1ebfn t\u1ea1i <a href=\"https:\/\/jet-casinoca.com\/\">https:\/\/jet-casinoca.com\/<\/a>.<\/p>\n<ul style=\"text-align: justify;\">\n<li>\n<p><strong>Tr\u01b0\u1edbc ng\u00e0y kh\u1edfi h\u00e0nh &gt; 25 ng\u00e0y<\/strong>: ho\u00e0n 100% ti\u1ec1n \u0111\u1eb7t c\u1ecdc.<\/p>\n<\/li>\n<li>\n<p><strong>T\u1eeb 20 \u2013 24 ng\u00e0y tr\u01b0\u1edbc kh\u1edfi h\u00e0nh<\/strong>: ho\u00e0n 90% ti\u1ec1n \u0111\u1eb7t c\u1ecdc.<\/p>\n<\/li>\n<li>\n<p><strong>T\u1eeb 11 \u2013 19 ng\u00e0y<\/strong>: ho\u00e0n 70% ti\u1ec1n \u0111\u1eb7t c\u1ecdc.<\/p>\n<\/li>\n<li>\n<p><strong>T\u1eeb 02 \u2013 10 ng\u00e0y<\/strong>: ho\u00e0n 50% ti\u1ec1n \u0111\u1eb7t c\u1ecdc.<\/p>\n<\/li>\n<li>\n<p><strong>Trong v\u00f2ng 01 ng\u00e0y tr\u01b0\u1edbc kh\u1edfi h\u00e0nh<\/strong>: <em>Kh\u00f4ng ho\u00e0n l\u1ea1i ti\u1ec1n<\/em>.<\/p>\n<\/li>\n<\/ul>\n<p style=\"text-align: justify;\"><span style=\"color: #ff0000;\"><strong>L\u01b0u \u00fd<\/strong>:<\/span> Th\u1eddi gian h\u1ee7y \u0111\u01b0\u1ee3c t\u00ednh theo ng\u00e0y l\u00e0m vi\u1ec7c, kh\u00f4ng bao g\u1ed3m th\u1ee9 B\u1ea3y, Ch\u1ee7 Nh\u1eadt v\u00e0 c\u00e1c ng\u00e0y l\u1ec5.<\/p>\n<p style=\"text-align: justify;\">Trong tr\u01b0\u1eddng h\u1ee3p <strong>b\u1ea5t kh\u1ea3 kh\u00e1ng<\/strong> nh\u01b0 thi\u00ean tai ho\u1eb7c d\u1ecbch b\u1ec7nh, s\u1ed1 ti\u1ec1n ho\u00e0n l\u1ea1i <em>kh\u00f4ng bao g\u1ed3m ph\u00ed giao d\u1ecbch ng\u00e2n h\u00e0ng v\u00e0 VAT<\/em>.<\/p>\n<p style=\"text-align: justify;\">? <strong>C\u1ea3m \u01a1n qu\u00fd kh\u00e1ch \u0111\u00e3 tin t\u01b0\u1edfng v\u00e0 \u0111\u1ed3ng h\u00e0nh c\u00f9ng Vietnature Tour!<\/strong><\/p>\n\t\t<\/div>\n\t\t\t\t\t<\/div>\n\n\t\n\n\t<div id=\"col-1652443876\" class=\"col pb-0 medium-6 small-12 large-6\"  >\n\t\t\t\t<div class=\"col-inner\"  >\n\t\t\t\n\t\t\t\n\t<div class=\"img has-hover x md-x lg-x y md-y lg-y\" id=\"image_1379529400\">\n\t\t\t\t\t\t\t\t<div class=\"img-inner dark\" >\n\t\t\t<img loading=\"lazy\" decoding=\"async\" width=\"853\" height=\"1000\" src=\"https:\/\/vietnaturetour.com\/wp-content\/uploads\/2024\/12\/1-853x1000-1.jpg\" class=\"attachment-original size-original\" alt=\"\" srcset=\"https:\/\/vietnaturetour.com\/wp-content\/uploads\/2024\/12\/1-853x1000-1.jpg 853w, https:\/\/vietnaturetour.com\/wp-content\/uploads\/2024\/12\/1-853x1000-1-768x900.jpg 768w\" sizes=\"(max-width: 853px) 100vw, 853px\" \/>\t\t\t\t\t\t\n\t\t\t\t\t<\/div>\n\t\t\t\t\t\t\t\t\n<style>\n#image_1379529400 {\n  width: 100%;\n}\n<\/style>\n\t<\/div>\n\t\n\t\t<\/div>\n\t\t\t\t\t<\/div>\n\n\t\n<\/div>\n\t\t<\/div>\n\n\t\t\n<style>\n#section_964046993 {\n  padding-top: 30px;\n  padding-bottom: 30px;\n  background-color: rgb(255, 255, 255);\n}\n<\/style>\n\t<\/section>\n\t\n","protected":false},"excerpt":{"rendered":"","protected":false},"author":3,"featured_media":5758,"parent":0,"menu_order":0,"comment_status":"closed","ping_status":"closed","template":"page-transparent-header.php","meta":{"inline_featured_image":false,"footnotes":""},"class_list":["post-5435","page","type-page","status-publish","has-post-thumbnail","hentry"],"yoast_head":"<!-- This site is optimized with the Yoast SEO plugin v25.0 - https:\/\/yoast.com\/wordpress\/plugins\/seo\/ -->\n<title>CH\u00cdNH S\u00c1CH TOUR - VIETNATURE-Embrace nature<\/title>\n<meta name=\"robots\" content=\"index, follow, max-snippet:-1, max-image-preview:large, max-video-preview:-1\" \/>\n<link rel=\"canonical\" href=\"https:\/\/vietnaturetour.com\/vi\/muc-tieu-chuyen-di\/\" \/>\n<meta property=\"og:locale\" content=\"vi_VN\" \/>\n<meta property=\"og:type\" content=\"article\" \/>\n<meta property=\"og:title\" content=\"CH\u00cdNH S\u00c1CH TOUR - VIETNATURE-Embrace nature\" \/>\n<meta property=\"og:url\" content=\"https:\/\/vietnaturetour.com\/vi\/muc-tieu-chuyen-di\/\" \/>\n<meta property=\"og:site_name\" content=\"VIETNATURE-Embrace nature\" \/>\n<meta property=\"article:modified_time\" content=\"2025-09-05T15:46:58+00:00\" \/>\n<meta property=\"og:image\" content=\"https:\/\/vietnaturetour.com\/wp-content\/uploads\/2025\/05\/z6610070098146_a0a40c091dec845fc5592d5e2db0b019.jpg\" \/>\n\t<meta property=\"og:image:width\" content=\"1280\" \/>\n\t<meta property=\"og:image:height\" content=\"960\" \/>\n\t<meta property=\"og:image:type\" content=\"image\/jpeg\" \/>\n<meta name=\"twitter:card\" content=\"summary_large_image\" \/>\n<meta name=\"twitter:label1\" content=\"\u01af\u1edbc t\u00ednh th\u1eddi gian \u0111\u1ecdc\" \/>\n\t<meta name=\"twitter:data1\" content=\"2 ph\u00fat\" \/>\n<script type=\"application\/ld+json\" class=\"yoast-schema-graph\">{\"@context\":\"https:\/\/schema.org\",\"@graph\":[{\"@type\":\"WebPage\",\"@id\":\"https:\/\/vietnaturetour.com\/vi\/muc-tieu-chuyen-di\/\",\"url\":\"https:\/\/vietnaturetour.com\/vi\/muc-tieu-chuyen-di\/\",\"name\":\"CH\u00cdNH S\u00c1CH TOUR - VIETNATURE-Embrace nature\",\"isPartOf\":{\"@id\":\"https:\/\/vietnaturetour.com\/#website\"},\"primaryImageOfPage\":{\"@id\":\"https:\/\/vietnaturetour.com\/vi\/muc-tieu-chuyen-di\/#primaryimage\"},\"image\":{\"@id\":\"https:\/\/vietnaturetour.com\/vi\/muc-tieu-chuyen-di\/#primaryimage\"},\"thumbnailUrl\":\"https:\/\/vietnaturetour.com\/wp-content\/uploads\/2025\/05\/z6610070098146_a0a40c091dec845fc5592d5e2db0b019.jpg\",\"datePublished\":\"2025-01-08T06:39:35+00:00\",\"dateModified\":\"2025-09-05T15:46:58+00:00\",\"breadcrumb\":{\"@id\":\"https:\/\/vietnaturetour.com\/vi\/muc-tieu-chuyen-di\/#breadcrumb\"},\"inLanguage\":\"vi\",\"potentialAction\":[{\"@type\":\"ReadAction\",\"target\":[\"https:\/\/vietnaturetour.com\/vi\/muc-tieu-chuyen-di\/\"]}]},{\"@type\":\"ImageObject\",\"inLanguage\":\"vi\",\"@id\":\"https:\/\/vietnaturetour.com\/vi\/muc-tieu-chuyen-di\/#primaryimage\",\"url\":\"https:\/\/vietnaturetour.com\/wp-content\/uploads\/2025\/05\/z6610070098146_a0a40c091dec845fc5592d5e2db0b019.jpg\",\"contentUrl\":\"https:\/\/vietnaturetour.com\/wp-content\/uploads\/2025\/05\/z6610070098146_a0a40c091dec845fc5592d5e2db0b019.jpg\",\"width\":1280,\"height\":960},{\"@type\":\"BreadcrumbList\",\"@id\":\"https:\/\/vietnaturetour.com\/vi\/muc-tieu-chuyen-di\/#breadcrumb\",\"itemListElement\":[{\"@type\":\"ListItem\",\"position\":1,\"name\":\"Home\",\"item\":\"https:\/\/vietnaturetour.com\/vi\/\"},{\"@type\":\"ListItem\",\"position\":2,\"name\":\"CH\u00cdNH S\u00c1CH TOUR\"}]},{\"@type\":\"WebSite\",\"@id\":\"https:\/\/vietnaturetour.com\/#website\",\"url\":\"https:\/\/vietnaturetour.com\/\",\"name\":\"VIETNATURE-Embrace nature\",\"description\":\"\",\"publisher\":{\"@id\":\"https:\/\/vietnaturetour.com\/#organization\"},\"potentialAction\":[{\"@type\":\"SearchAction\",\"target\":{\"@type\":\"EntryPoint\",\"urlTemplate\":\"https:\/\/vietnaturetour.com\/?s={search_term_string}\"},\"query-input\":{\"@type\":\"PropertyValueSpecification\",\"valueRequired\":true,\"valueName\":\"search_term_string\"}}],\"inLanguage\":\"vi\"},{\"@type\":\"Organization\",\"@id\":\"https:\/\/vietnaturetour.com\/#organization\",\"name\":\"VIETNATURE-Embrace nature\",\"url\":\"https:\/\/vietnaturetour.com\/\",\"logo\":{\"@type\":\"ImageObject\",\"inLanguage\":\"vi\",\"@id\":\"https:\/\/vietnaturetour.com\/#\/schema\/logo\/image\/\",\"url\":\"https:\/\/vietnaturetour.com\/wp-content\/uploads\/2025\/10\/VIETNATURE-e1763363910348.png\",\"contentUrl\":\"https:\/\/vietnaturetour.com\/wp-content\/uploads\/2025\/10\/VIETNATURE-e1763363910348.png\",\"width\":795,\"height\":366,\"caption\":\"VIETNATURE-Embrace nature\"},\"image\":{\"@id\":\"https:\/\/vietnaturetour.com\/#\/schema\/logo\/image\/\"}}]}<\/script>\n<!-- \/ Yoast SEO plugin. -->","yoast_head_json":{"title":"CH\u00cdNH S\u00c1CH TOUR - VIETNATURE-Embrace nature","robots":{"index":"index","follow":"follow","max-snippet":"max-snippet:-1","max-image-preview":"max-image-preview:large","max-video-preview":"max-video-preview:-1"},"canonical":"https:\/\/vietnaturetour.com\/vi\/muc-tieu-chuyen-di\/","og_locale":"vi_VN","og_type":"article","og_title":"CH\u00cdNH S\u00c1CH TOUR - VIETNATURE-Embrace nature","og_url":"https:\/\/vietnaturetour.com\/vi\/muc-tieu-chuyen-di\/","og_site_name":"VIETNATURE-Embrace nature","article_modified_time":"2025-09-05T15:46:58+00:00","og_image":[{"width":1280,"height":960,"url":"https:\/\/vietnaturetour.com\/wp-content\/uploads\/2025\/05\/z6610070098146_a0a40c091dec845fc5592d5e2db0b019.jpg","type":"image\/jpeg"}],"twitter_card":"summary_large_image","twitter_misc":{"\u01af\u1edbc t\u00ednh th\u1eddi gian \u0111\u1ecdc":"2 ph\u00fat"},"schema":{"@context":"https:\/\/schema.org","@graph":[{"@type":"WebPage","@id":"https:\/\/vietnaturetour.com\/vi\/muc-tieu-chuyen-di\/","url":"https:\/\/vietnaturetour.com\/vi\/muc-tieu-chuyen-di\/","name":"CH\u00cdNH S\u00c1CH TOUR - VIETNATURE-Embrace nature","isPartOf":{"@id":"https:\/\/vietnaturetour.com\/#website"},"primaryImageOfPage":{"@id":"https:\/\/vietnaturetour.com\/vi\/muc-tieu-chuyen-di\/#primaryimage"},"image":{"@id":"https:\/\/vietnaturetour.com\/vi\/muc-tieu-chuyen-di\/#primaryimage"},"thumbnailUrl":"https:\/\/vietnaturetour.com\/wp-content\/uploads\/2025\/05\/z6610070098146_a0a40c091dec845fc5592d5e2db0b019.jpg","datePublished":"2025-01-08T06:39:35+00:00","dateModified":"2025-09-05T15:46:58+00:00","breadcrumb":{"@id":"https:\/\/vietnaturetour.com\/vi\/muc-tieu-chuyen-di\/#breadcrumb"},"inLanguage":"vi","potentialAction":[{"@type":"ReadAction","target":["https:\/\/vietnaturetour.com\/vi\/muc-tieu-chuyen-di\/"]}]},{"@type":"ImageObject","inLanguage":"vi","@id":"https:\/\/vietnaturetour.com\/vi\/muc-tieu-chuyen-di\/#primaryimage","url":"https:\/\/vietnaturetour.com\/wp-content\/uploads\/2025\/05\/z6610070098146_a0a40c091dec845fc5592d5e2db0b019.jpg","contentUrl":"https:\/\/vietnaturetour.com\/wp-content\/uploads\/2025\/05\/z6610070098146_a0a40c091dec845fc5592d5e2db0b019.jpg","width":1280,"height":960},{"@type":"BreadcrumbList","@id":"https:\/\/vietnaturetour.com\/vi\/muc-tieu-chuyen-di\/#breadcrumb","itemListElement":[{"@type":"ListItem","position":1,"name":"Home","item":"https:\/\/vietnaturetour.com\/vi\/"},{"@type":"ListItem","position":2,"name":"CH\u00cdNH S\u00c1CH TOUR"}]},{"@type":"WebSite","@id":"https:\/\/vietnaturetour.com\/#website","url":"https:\/\/vietnaturetour.com\/","name":"VIETNATURE-Embrace nature","description":"","publisher":{"@id":"https:\/\/vietnaturetour.com\/#organization"},"potentialAction":[{"@type":"SearchAction","target":{"@type":"EntryPoint","urlTemplate":"https:\/\/vietnaturetour.com\/?s={search_term_string}"},"query-input":{"@type":"PropertyValueSpecification","valueRequired":true,"valueName":"search_term_string"}}],"inLanguage":"vi"},{"@type":"Organization","@id":"https:\/\/vietnaturetour.com\/#organization","name":"VIETNATURE-Embrace nature","url":"https:\/\/vietnaturetour.com\/","logo":{"@type":"ImageObject","inLanguage":"vi","@id":"https:\/\/vietnaturetour.com\/#\/schema\/logo\/image\/","url":"https:\/\/vietnaturetour.com\/wp-content\/uploads\/2025\/10\/VIETNATURE-e1763363910348.png","contentUrl":"https:\/\/vietnaturetour.com\/wp-content\/uploads\/2025\/10\/VIETNATURE-e1763363910348.png","width":795,"height":366,"caption":"VIETNATURE-Embrace nature"},"image":{"@id":"https:\/\/vietnaturetour.com\/#\/schema\/logo\/image\/"}}]}},"_links":{"self":[{"href":"https:\/\/vietnaturetour.com\/vi\/wp-json\/wp\/v2\/pages\/5435"}],"collection":[{"href":"https:\/\/vietnaturetour.com\/vi\/wp-json\/wp\/v2\/pages"}],"about":[{"href":"https:\/\/vietnaturetour.com\/vi\/wp-json\/wp\/v2\/types\/page"}],"author":[{"embeddable":true,"href":"https:\/\/vietnaturetour.com\/vi\/wp-json\/wp\/v2\/users\/3"}],"replies":[{"embeddable":true,"href":"https:\/\/vietnaturetour.com\/vi\/wp-json\/wp\/v2\/comments?post=5435"}],"version-history":[{"count":7,"href":"https:\/\/vietnaturetour.com\/vi\/wp-json\/wp\/v2\/pages\/5435\/revisions"}],"predecessor-version":[{"id":6623,"href":"https:\/\/vietnaturetour.com\/vi\/wp-json\/wp\/v2\/pages\/5435\/revisions\/6623"}],"wp:featuredmedia":[{"embeddable":true,"href":"https:\/\/vietnaturetour.com\/vi\/wp-json\/wp\/v2\/media\/5758"}],"wp:attachment":[{"href":"https:\/\/vietnaturetour.com\/vi\/wp-json\/wp\/v2\/media?parent=5435"}],"curies":[{"name":"wp","href":"https:\/\/api.w.org\/{rel}","templated":true}]}}