{"id":5432,"date":"2025-01-08T13:32:15","date_gmt":"2025-01-08T06:32:15","guid":{"rendered":"https:\/\/vietnaturetour.com\/?page_id=5432"},"modified":"2025-09-30T09:43:30","modified_gmt":"2025-09-30T02:43:30","slug":"tour-cat-tien","status":"publish","type":"page","link":"https:\/\/vietnaturetour.com\/vi\/tour-cat-tien\/","title":{"rendered":"TOUR HOANG D\u00c3 C\u00c1T TI\u00caN"},"content":{"rendered":"\n\t<section class=\"section\" id=\"section_1190259033\">\n\t\t<div class=\"bg section-bg fill bg-fill  bg-loaded\" >\n\n\t\t\t\n\t\t\t\n\t\t\t\n\n\t\t<\/div>\n\n\t\t\n\n\t\t<div class=\"section-content relative\">\n\t\t\t\n\t<div class=\"img has-hover x md-x lg-x y md-y lg-y\" id=\"image_816040937\">\n\t\t\t\t\t\t\t\t<div class=\"img-inner dark\" >\n\t\t\t<img loading=\"lazy\" decoding=\"async\" width=\"1920\" height=\"896\" src=\"https:\/\/vietnaturetour.com\/wp-content\/uploads\/2025\/09\/vietnature-banner-2.03-1.png\" class=\"attachment-original size-original\" alt=\"\" srcset=\"https:\/\/vietnaturetour.com\/wp-content\/uploads\/2025\/09\/vietnature-banner-2.03-1.png 1920w, https:\/\/vietnaturetour.com\/wp-content\/uploads\/2025\/09\/vietnature-banner-2.03-1-768x358.png 768w, https:\/\/vietnaturetour.com\/wp-content\/uploads\/2025\/09\/vietnature-banner-2.03-1-1536x717.png 1536w\" sizes=\"(max-width: 1920px) 100vw, 1920px\" \/>\t\t\t\t\t\t\n\t\t\t\t\t<\/div>\n\t\t\t\t\t\t\t\t\n<style>\n#image_816040937 {\n  width: 100%;\n}\n<\/style>\n\t<\/div>\n\t\n\t\t<\/div>\n\n\t\t\n<style>\n#section_1190259033 {\n  padding-top: 0px;\n  padding-bottom: 0px;\n}\n<\/style>\n\t<\/section>\n\t\n\t<section class=\"section\" id=\"section_792176445\">\n\t\t<div class=\"bg section-bg fill bg-fill  bg-loaded\" >\n\n\t\t\t\n\t\t\t\n\t\t\t\n\n\t\t<\/div>\n\n\t\t\n\n\t\t<div class=\"section-content relative\">\n\t\t\t\n<div class=\"row\"  id=\"row-2016716512\">\n\n\t<div id=\"col-1176222840\" class=\"col small-12 large-12\"  >\n\t\t\t\t<div class=\"col-inner\"  >\n\t\t\t\n\t\t\t\n\t<div id=\"gap-697352304\" class=\"gap-element clearfix\" style=\"display:block; height:auto;\">\n\t\t\n<style>\n#gap-697352304 {\n  padding-top: 20px;\n}\n<\/style>\n\t<\/div>\n\t\n<h2 class=\"heading\">TOUR HOANG D\u00c3 C\u00c1T TI\u00caN<\/h2>\n<p>V\u01b0\u1eddn qu\u1ed1c gia C\u00e1t Ti\u00ean, n\u1eb1m c\u00e1ch Th\u00e0nh ph\u1ed1 H\u1ed3 Ch\u00ed Minh kho\u1ea3ng 150 km v\u1ec1 ph\u00eda \u0110\u00f4ng B\u1eafc, l\u00e0 \u0111i\u1ec3m \u0111\u1ebfn du l\u1ecbch sinh th\u00e1i h\u00e0ng \u0111\u1ea7u \u1edf Vi\u1ec7t Nam. Tr\u1ea3i r\u1ed9ng tr\u00ean 80.000 ha, n\u01a1i \u0111\u00e2y c\u00f3 \u0111a d\u1ea1ng sinh h\u1ecdc phong ph\u00fa, bao g\u1ed3m c\u00e1c lo\u00e0i qu\u00fd hi\u1ebfm nh\u01b0 400 c\u00e1 th\u1ec3 V\u01b0\u1ee3n \u0111en m\u00e1 v\u00e0ng, h\u01a1n 500 c\u00e1 th\u1ec3 c\u00e1 s\u1ea5u, 28 c\u00e1c th\u1ec3 voi ch\u00e2u \u00c1, 200 c\u00e1 th\u1ec3 b\u00f2 t\u00f3t\u2026v\u00e0 h\u01a1n 351 lo\u00e0i chim, V\u01b0\u1eddn qu\u1ed1c gia mang \u0111\u1ebfn c\u01a1 h\u1ed9i duy nh\u1ea5t \u0111\u1ec3 ph\u00e1t hi\u1ec7n c\u00e1c lo\u00e0i chim qu\u00fd hi\u1ebfm v\u00e0 c\u00f3 nguy c\u01a1 tuy\u1ec7t ch\u1ee7ng nh\u01b0 C\u00f4ng xanh, G\u00e0 l\u00f4i h\u00f4ng t\u00eda, G\u00e0 so c\u1ed5 hung \u0111\u1eb7c h\u1eefu, G\u00e0 ti\u1ec1n m\u1eb7t \u0111\u1ecf, \u0110u\u00f4i c\u1ee5t\u2026 v\u00e0 nhi\u1ec1u h\u01a1n n\u1eefa. L\u00e0 V\u01b0\u1eddn qu\u1ed1c gia \u0111\u1ea7u ti\u00ean \u1edf Vi\u1ec7t Nam \u0111\u01b0\u1ee3c c\u00f4ng nh\u1eadn Danh l\u1ee5c xanh c\u1ee7a IUCN. Danh l\u1ee5c Xanh c\u1ee7a IUCN l\u00e0 ti\u00eau chu\u1ea9n to\u00e0n c\u1ea7u \u0111\u1ec3 c\u00f4ng nh\u1eadn ho\u1ea1t \u0111\u1ed9ng b\u1ea3o t\u1ed3n th\u00e0nh c\u00f4ng theo khu v\u1ef1c.<\/p>\n<p>Du kh\u00e1ch c\u00f3 th\u1ec3 kh\u00e1m ph\u00e1 nh\u1eefng khu r\u1eebng nhi\u1ec7t \u0111\u1edbi v\u00f9ng \u0111\u1ea5t th\u1ea5p t\u01b0\u01a1i t\u1ed1t, nh\u1eefng c\u00e2y c\u1ed5 th\u1ee5 v\u00e0 m\u00f4i tr\u01b0\u1eddng s\u1ed1ng hoang d\u00e3 \u0111a d\u1ea1ng. C\u00e1c ho\u1ea1t \u0111\u1ed9ng ph\u1ed5 bi\u1ebfn bao g\u1ed3m ng\u1eafm chim, ng\u1eafm linh tr\u01b0\u1edfng, \u0111i b\u1ed9, \u0111i xe \u0111\u1ea1p v\u00e0 tham quan b\u1eb1ng thuy\u1ec1n. V\u01b0\u1eddn qu\u1ed1c gia c\u0169ng mang \u0111\u1ebfn nh\u1eefng tr\u1ea3i nghi\u1ec7m \u0111\u1ed9c \u0111\u00e1o nh\u01b0 \u0111i ng\u1eafm th\u00fa hoang d\u00e3 v\u1ec1 \u0111\u00eam v\u00e0 tham quan B\u00e0u S\u1ea5u. V\u1edbi s\u1ef1 k\u1ebft h\u1ee3p kh\u00e1m ph\u00e1 v\u00e0 t\u0129nh l\u1eb7ng, V\u01b0\u1eddn qu\u1ed1c gia C\u00e1t Ti\u00ean l\u00e0 n\u01a1i ho\u00e0n h\u1ea3o cho nh\u1eefng ng\u01b0\u1eddi \u0111am m\u00ea thi\u00ean nhi\u00ean c\u0169ng nh\u01b0 nh\u1eefng ng\u01b0\u1eddi t\u00ecm ki\u1ebfm phi\u00eau l\u01b0u.<\/p>\n<p>N\u1ebfu b\u1ea1n th\u00edch kh\u00e1m ph\u00e1 k\u1ef3 quan thi\u00ean nhi\u00ean n\u00e0y, h\u00e3y xem x\u00e9t Vietnature Tour. Ch\u00fang t\u00f4i cung c\u1ea5p nhi\u1ec1u chuy\u1ebfn tham quan thi\u00ean nhi\u00ean kh\u00e1c nhau, t\u00f9y theo s\u1edf th\u00edch c\u1ee7a b\u1ea1n. Ch\u00fang t\u00f4i c\u0169ng c\u00f3 th\u1ec3 \u0111i\u1ec1u ch\u1ec9nh ch\u01b0\u01a1ng tr\u00ecnh d\u1ef1a tr\u00ean s\u1edf th\u00edch c\u1ee7a b\u1ea1n. L\u1ecbch tr\u00ecnh cu\u1ed1i c\u00f9ng s\u1ebd \u0111\u01b0\u1ee3c th\u1ed1ng nh\u1ea5t tr\u01b0\u1edbc khi kh\u1edfi h\u00e0nh.<\/p>\n\t<div id=\"gap-1913892542\" class=\"gap-element clearfix\" style=\"display:block; height:auto;\">\n\t\t\n<style>\n#gap-1913892542 {\n  padding-top: 30px;\n}\n<\/style>\n\t<\/div>\n\t\n\n  \n    <div class=\"row large-columns-3 medium-columns-1 small-columns-1\" >\n  <div class=\"col post-item\" >\n\t\t\t<div class=\"col-inner\">\n\t\t\t\t<div class=\"box box-bounce box-text-bottom box-blog-post has-hover\">\n            \t\t\t\t\t<div class=\"box-image\" >\n  \t\t\t\t\t\t<div class=\"image-cover\" style=\"padding-top:100%;\">\n\t\t\t\t\t\t\t<a href=\"https:\/\/vietnaturetour.com\/vi\/tour-kham-pha-cat-tien-02-ngay\/\" class=\"plain\" aria-label=\"Tour 2 Ng\u00e0y Kh\u00e1m Ph\u00e1 R\u1eebng C\u00e1t Ti\u00ean | Tr\u1ea3i Nghi\u1ec7m Thi\u00ean Nhi\u00ean Hoang D\u00e3\">\n\t\t\t\t\t\t\t\t<img loading=\"lazy\" decoding=\"async\" width=\"1000\" height=\"754\" src=\"https:\/\/vietnaturetour.com\/wp-content\/uploads\/2024\/06\/b41.3.jpg\" class=\"attachment-medium size-medium wp-post-image\" alt=\"\" srcset=\"https:\/\/vietnaturetour.com\/wp-content\/uploads\/2024\/06\/b41.3.jpg 1000w, https:\/\/vietnaturetour.com\/wp-content\/uploads\/2024\/06\/b41.3-768x579.jpg 768w\" sizes=\"(max-width: 1000px) 100vw, 1000px\" \/>\t\t\t\t\t\t\t<\/a>\n  \t\t\t\t\t\t\t  \t\t\t\t\t\t\t  \t\t\t\t\t\t<\/div>\n  \t\t\t\t\t\t  \t\t\t\t\t<\/div>\n          \t\t\t\t\t<div class=\"box-text text-center\" style=\"background-color:rgb(245, 245, 245);\">\n\t\t\t\t\t<div class=\"box-text-inner blog-post-inner\">\n\n\t\t\t\t\t\n\t\t\t\t\t\t\t\t\t\t<h5 class=\"post-title is-large \">\n\t\t\t\t\t\t<a href=\"https:\/\/vietnaturetour.com\/vi\/tour-kham-pha-cat-tien-02-ngay\/\" class=\"plain\">Tour 2 Ng\u00e0y Kh\u00e1m Ph\u00e1 R\u1eebng C\u00e1t Ti\u00ean | Tr\u1ea3i Nghi\u1ec7m Thi\u00ean Nhi\u00ean Hoang D\u00e3<\/a>\n\t\t\t\t\t<\/h5>\n\t\t\t\t\t\t\t\t\t\t<div class=\"is-divider\"><\/div>\n\t\t\t\t\t                    \n\t\t\t\t\t\n\t\t\t\t\t\n\t\t\t\t\t<\/div>\n\t\t\t\t\t<\/div>\n\t\t\t\t\t\t\t\t\t<\/div>\n\t\t\t<\/div>\n\t\t<\/div><div class=\"col post-item\" >\n\t\t\t<div class=\"col-inner\">\n\t\t\t\t<div class=\"box box-bounce box-text-bottom box-blog-post has-hover\">\n            \t\t\t\t\t<div class=\"box-image\" >\n  \t\t\t\t\t\t<div class=\"image-cover\" style=\"padding-top:100%;\">\n\t\t\t\t\t\t\t<a href=\"https:\/\/vietnaturetour.com\/vi\/tour-ngam-chim-cat-tien-02-ngay\/\" class=\"plain\" aria-label=\"Tour ng\u1eafm chim C\u00e1t Ti\u00ean (02 ng\u00e0y)\">\n\t\t\t\t\t\t\t\t<img loading=\"lazy\" decoding=\"async\" width=\"1000\" height=\"754\" src=\"https:\/\/vietnaturetour.com\/wp-content\/uploads\/2024\/09\/1-Orange-necked-Partridge.jpg\" class=\"attachment-medium size-medium wp-post-image\" alt=\"\" srcset=\"https:\/\/vietnaturetour.com\/wp-content\/uploads\/2024\/09\/1-Orange-necked-Partridge.jpg 1000w, https:\/\/vietnaturetour.com\/wp-content\/uploads\/2024\/09\/1-Orange-necked-Partridge-768x579.jpg 768w\" sizes=\"(max-width: 1000px) 100vw, 1000px\" \/>\t\t\t\t\t\t\t<\/a>\n  \t\t\t\t\t\t\t  \t\t\t\t\t\t\t  \t\t\t\t\t\t<\/div>\n  \t\t\t\t\t\t  \t\t\t\t\t<\/div>\n          \t\t\t\t\t<div class=\"box-text text-center\" style=\"background-color:rgb(245, 245, 245);\">\n\t\t\t\t\t<div class=\"box-text-inner blog-post-inner\">\n\n\t\t\t\t\t\n\t\t\t\t\t\t\t\t\t\t<h5 class=\"post-title is-large \">\n\t\t\t\t\t\t<a href=\"https:\/\/vietnaturetour.com\/vi\/tour-ngam-chim-cat-tien-02-ngay\/\" class=\"plain\">Tour ng\u1eafm chim C\u00e1t Ti\u00ean (02 ng\u00e0y)<\/a>\n\t\t\t\t\t<\/h5>\n\t\t\t\t\t\t\t\t\t\t<div class=\"is-divider\"><\/div>\n\t\t\t\t\t                    \n\t\t\t\t\t\n\t\t\t\t\t\n\t\t\t\t\t<\/div>\n\t\t\t\t\t<\/div>\n\t\t\t\t\t\t\t\t\t<\/div>\n\t\t\t<\/div>\n\t\t<\/div><div class=\"col post-item\" >\n\t\t\t<div class=\"col-inner\">\n\t\t\t\t<div class=\"box box-bounce box-text-bottom box-blog-post has-hover\">\n            \t\t\t\t\t<div class=\"box-image\" >\n  \t\t\t\t\t\t<div class=\"image-cover\" style=\"padding-top:100%;\">\n\t\t\t\t\t\t\t<a href=\"https:\/\/vietnaturetour.com\/vi\/tour-linh-truong-cat-tien-02-ngay\/\" class=\"plain\" aria-label=\"02 ng\u00e0y ch\u1ee5p h\u00ecnh \u0111\u1ed9ng v\u1eadt hoang d\u00e3 V\u01b0\u1eddn Qu\u1ed1c gia C\u00e1t ti\u00ean\">\n\t\t\t\t\t\t\t\t<img loading=\"lazy\" decoding=\"async\" width=\"1000\" height=\"754\" src=\"https:\/\/vietnaturetour.com\/wp-content\/uploads\/2024\/09\/1-Back-Shanked-Douc-Langur.jpg\" class=\"attachment-medium size-medium wp-post-image\" alt=\"\" srcset=\"https:\/\/vietnaturetour.com\/wp-content\/uploads\/2024\/09\/1-Back-Shanked-Douc-Langur.jpg 1000w, https:\/\/vietnaturetour.com\/wp-content\/uploads\/2024\/09\/1-Back-Shanked-Douc-Langur-768x579.jpg 768w\" sizes=\"(max-width: 1000px) 100vw, 1000px\" \/>\t\t\t\t\t\t\t<\/a>\n  \t\t\t\t\t\t\t  \t\t\t\t\t\t\t  \t\t\t\t\t\t<\/div>\n  \t\t\t\t\t\t  \t\t\t\t\t<\/div>\n          \t\t\t\t\t<div class=\"box-text text-center\" style=\"background-color:rgb(245, 245, 245);\">\n\t\t\t\t\t<div class=\"box-text-inner blog-post-inner\">\n\n\t\t\t\t\t\n\t\t\t\t\t\t\t\t\t\t<h5 class=\"post-title is-large \">\n\t\t\t\t\t\t<a href=\"https:\/\/vietnaturetour.com\/vi\/tour-linh-truong-cat-tien-02-ngay\/\" class=\"plain\">02 ng\u00e0y ch\u1ee5p h\u00ecnh \u0111\u1ed9ng v\u1eadt hoang d\u00e3 V\u01b0\u1eddn Qu\u1ed1c gia C\u00e1t ti\u00ean<\/a>\n\t\t\t\t\t<\/h5>\n\t\t\t\t\t\t\t\t\t\t<div class=\"is-divider\"><\/div>\n\t\t\t\t\t                    \n\t\t\t\t\t\n\t\t\t\t\t\n\t\t\t\t\t<\/div>\n\t\t\t\t\t<\/div>\n\t\t\t\t\t\t\t\t\t<\/div>\n\t\t\t<\/div>\n\t\t<\/div><div class=\"col post-item\" >\n\t\t\t<div class=\"col-inner\">\n\t\t\t\t<div class=\"box box-bounce box-text-bottom box-blog-post has-hover\">\n            \t\t\t\t\t<div class=\"box-image\" >\n  \t\t\t\t\t\t<div class=\"image-cover\" style=\"padding-top:100%;\">\n\t\t\t\t\t\t\t<a href=\"https:\/\/vietnaturetour.com\/vi\/tour-hoang-da-cat-tien-03-ngay\/\" class=\"plain\" aria-label=\"Tour hoang d\u00e3 C\u00e1t Ti\u00ean (03 ng\u00e0y)\">\n\t\t\t\t\t\t\t\t<img loading=\"lazy\" decoding=\"async\" width=\"1000\" height=\"754\" src=\"https:\/\/vietnaturetour.com\/wp-content\/uploads\/2024\/09\/1-The-layer-of-the-Cattien-forest-canopy-2.jpg\" class=\"attachment-medium size-medium wp-post-image\" alt=\"\" srcset=\"https:\/\/vietnaturetour.com\/wp-content\/uploads\/2024\/09\/1-The-layer-of-the-Cattien-forest-canopy-2.jpg 1000w, https:\/\/vietnaturetour.com\/wp-content\/uploads\/2024\/09\/1-The-layer-of-the-Cattien-forest-canopy-2-768x579.jpg 768w\" sizes=\"(max-width: 1000px) 100vw, 1000px\" \/>\t\t\t\t\t\t\t<\/a>\n  \t\t\t\t\t\t\t  \t\t\t\t\t\t\t  \t\t\t\t\t\t<\/div>\n  \t\t\t\t\t\t  \t\t\t\t\t<\/div>\n          \t\t\t\t\t<div class=\"box-text text-center\" style=\"background-color:rgb(245, 245, 245);\">\n\t\t\t\t\t<div class=\"box-text-inner blog-post-inner\">\n\n\t\t\t\t\t\n\t\t\t\t\t\t\t\t\t\t<h5 class=\"post-title is-large \">\n\t\t\t\t\t\t<a href=\"https:\/\/vietnaturetour.com\/vi\/tour-hoang-da-cat-tien-03-ngay\/\" class=\"plain\">Tour hoang d\u00e3 C\u00e1t Ti\u00ean (03 ng\u00e0y)<\/a>\n\t\t\t\t\t<\/h5>\n\t\t\t\t\t\t\t\t\t\t<div class=\"is-divider\"><\/div>\n\t\t\t\t\t                    \n\t\t\t\t\t\n\t\t\t\t\t\n\t\t\t\t\t<\/div>\n\t\t\t\t\t<\/div>\n\t\t\t\t\t\t\t\t\t<\/div>\n\t\t\t<\/div>\n\t\t<\/div><div class=\"col post-item\" >\n\t\t\t<div class=\"col-inner\">\n\t\t\t\t<div class=\"box box-bounce box-text-bottom box-blog-post has-hover\">\n            \t\t\t\t\t<div class=\"box-image\" >\n  \t\t\t\t\t\t<div class=\"image-cover\" style=\"padding-top:100%;\">\n\t\t\t\t\t\t\t<a href=\"https:\/\/vietnaturetour.com\/vi\/truong-trong-rung-cat-tien\/\" class=\"plain\" aria-label=\"Ch\u01b0\u01a1ng tr\u00ecnh em y\u00eau thi\u00ean nhi\u00ean\/ Tr\u01b0\u1eddng trong r\u1eebng C\u00e1t Ti\u00ean\">\n\t\t\t\t\t\t\t\t<img loading=\"lazy\" decoding=\"async\" width=\"1000\" height=\"754\" src=\"https:\/\/vietnaturetour.com\/wp-content\/uploads\/2024\/06\/h9.5.jpg\" class=\"attachment-medium size-medium wp-post-image\" alt=\"\" srcset=\"https:\/\/vietnaturetour.com\/wp-content\/uploads\/2024\/06\/h9.5.jpg 1000w, https:\/\/vietnaturetour.com\/wp-content\/uploads\/2024\/06\/h9.5-768x579.jpg 768w\" sizes=\"(max-width: 1000px) 100vw, 1000px\" \/>\t\t\t\t\t\t\t<\/a>\n  \t\t\t\t\t\t\t  \t\t\t\t\t\t\t  \t\t\t\t\t\t<\/div>\n  \t\t\t\t\t\t  \t\t\t\t\t<\/div>\n          \t\t\t\t\t<div class=\"box-text text-center\" style=\"background-color:rgb(245, 245, 245);\">\n\t\t\t\t\t<div class=\"box-text-inner blog-post-inner\">\n\n\t\t\t\t\t\n\t\t\t\t\t\t\t\t\t\t<h5 class=\"post-title is-large \">\n\t\t\t\t\t\t<a href=\"https:\/\/vietnaturetour.com\/vi\/truong-trong-rung-cat-tien\/\" class=\"plain\">Ch\u01b0\u01a1ng tr\u00ecnh em y\u00eau thi\u00ean nhi\u00ean\/ Tr\u01b0\u1eddng trong r\u1eebng C\u00e1t Ti\u00ean<\/a>\n\t\t\t\t\t<\/h5>\n\t\t\t\t\t\t\t\t\t\t<div class=\"is-divider\"><\/div>\n\t\t\t\t\t                    \n\t\t\t\t\t\n\t\t\t\t\t\n\t\t\t\t\t<\/div>\n\t\t\t\t\t<\/div>\n\t\t\t\t\t\t\t\t\t<\/div>\n\t\t\t<\/div>\n\t\t<\/div><\/div>\n\t\t<\/div>\n\t\t\t\t\t<\/div>\n\n\t\n<\/div>\n\t\t<\/div>\n\n\t\t\n<style>\n#section_792176445 {\n  padding-top: 30px;\n  padding-bottom: 30px;\n  background-color: rgb(255, 255, 255);\n}\n<\/style>\n\t<\/section>\n\t\n","protected":false},"excerpt":{"rendered":"","protected":false},"author":3,"featured_media":7213,"parent":0,"menu_order":0,"comment_status":"closed","ping_status":"closed","template":"page-transparent-header.php","meta":{"inline_featured_image":false,"footnotes":""},"class_list":["post-5432","page","type-page","status-publish","has-post-thumbnail","hentry"],"yoast_head":"<!-- This site is optimized with the Yoast SEO plugin v25.0 - https:\/\/yoast.com\/wordpress\/plugins\/seo\/ -->\n<title>TOUR HOANG D\u00c3 C\u00c1T TI\u00caN - VIETNATURE-Embrace nature<\/title>\n<meta name=\"robots\" content=\"index, follow, max-snippet:-1, max-image-preview:large, max-video-preview:-1\" \/>\n<link rel=\"canonical\" href=\"https:\/\/vietnaturetour.com\/vi\/tour-cat-tien\/\" \/>\n<meta property=\"og:locale\" content=\"vi_VN\" \/>\n<meta property=\"og:type\" content=\"article\" \/>\n<meta property=\"og:title\" content=\"TOUR HOANG D\u00c3 C\u00c1T TI\u00caN - VIETNATURE-Embrace nature\" \/>\n<meta property=\"og:url\" content=\"https:\/\/vietnaturetour.com\/vi\/tour-cat-tien\/\" \/>\n<meta property=\"og:site_name\" content=\"VIETNATURE-Embrace nature\" \/>\n<meta property=\"article:modified_time\" content=\"2025-09-30T02:43:30+00:00\" \/>\n<meta property=\"og:image\" content=\"https:\/\/vietnaturetour.com\/wp-content\/uploads\/2025\/05\/1-3.jpg\" \/>\n\t<meta property=\"og:image:width\" content=\"1080\" \/>\n\t<meta property=\"og:image:height\" content=\"1874\" \/>\n\t<meta property=\"og:image:type\" content=\"image\/jpeg\" \/>\n<meta name=\"twitter:card\" content=\"summary_large_image\" \/>\n<meta name=\"twitter:label1\" content=\"\u01af\u1edbc t\u00ednh th\u1eddi gian \u0111\u1ecdc\" \/>\n\t<meta name=\"twitter:data1\" content=\"2 ph\u00fat\" \/>\n<script type=\"application\/ld+json\" class=\"yoast-schema-graph\">{\"@context\":\"https:\/\/schema.org\",\"@graph\":[{\"@type\":\"WebPage\",\"@id\":\"https:\/\/vietnaturetour.com\/vi\/tour-cat-tien\/\",\"url\":\"https:\/\/vietnaturetour.com\/vi\/tour-cat-tien\/\",\"name\":\"TOUR HOANG D\u00c3 C\u00c1T TI\u00caN - VIETNATURE-Embrace nature\",\"isPartOf\":{\"@id\":\"https:\/\/vietnaturetour.com\/#website\"},\"primaryImageOfPage\":{\"@id\":\"https:\/\/vietnaturetour.com\/vi\/tour-cat-tien\/#primaryimage\"},\"image\":{\"@id\":\"https:\/\/vietnaturetour.com\/vi\/tour-cat-tien\/#primaryimage\"},\"thumbnailUrl\":\"https:\/\/vietnaturetour.com\/wp-content\/uploads\/2024\/10\/4-1.jpg\",\"datePublished\":\"2025-01-08T06:32:15+00:00\",\"dateModified\":\"2025-09-30T02:43:30+00:00\",\"breadcrumb\":{\"@id\":\"https:\/\/vietnaturetour.com\/vi\/tour-cat-tien\/#breadcrumb\"},\"inLanguage\":\"vi\",\"potentialAction\":[{\"@type\":\"ReadAction\",\"target\":[\"https:\/\/vietnaturetour.com\/vi\/tour-cat-tien\/\"]}]},{\"@type\":\"ImageObject\",\"inLanguage\":\"vi\",\"@id\":\"https:\/\/vietnaturetour.com\/vi\/tour-cat-tien\/#primaryimage\",\"url\":\"https:\/\/vietnaturetour.com\/wp-content\/uploads\/2024\/10\/4-1.jpg\",\"contentUrl\":\"https:\/\/vietnaturetour.com\/wp-content\/uploads\/2024\/10\/4-1.jpg\",\"width\":2089,\"height\":1567,\"caption\":\"OLYMPUS DIGITAL CAMERA\"},{\"@type\":\"BreadcrumbList\",\"@id\":\"https:\/\/vietnaturetour.com\/vi\/tour-cat-tien\/#breadcrumb\",\"itemListElement\":[{\"@type\":\"ListItem\",\"position\":1,\"name\":\"Home\",\"item\":\"https:\/\/vietnaturetour.com\/vi\/\"},{\"@type\":\"ListItem\",\"position\":2,\"name\":\"TOUR HOANG D\u00c3 C\u00c1T TI\u00caN\"}]},{\"@type\":\"WebSite\",\"@id\":\"https:\/\/vietnaturetour.com\/#website\",\"url\":\"https:\/\/vietnaturetour.com\/\",\"name\":\"VIETNATURE-Embrace nature\",\"description\":\"\",\"publisher\":{\"@id\":\"https:\/\/vietnaturetour.com\/#organization\"},\"potentialAction\":[{\"@type\":\"SearchAction\",\"target\":{\"@type\":\"EntryPoint\",\"urlTemplate\":\"https:\/\/vietnaturetour.com\/?s={search_term_string}\"},\"query-input\":{\"@type\":\"PropertyValueSpecification\",\"valueRequired\":true,\"valueName\":\"search_term_string\"}}],\"inLanguage\":\"vi\"},{\"@type\":\"Organization\",\"@id\":\"https:\/\/vietnaturetour.com\/#organization\",\"name\":\"VIETNATURE-Embrace nature\",\"url\":\"https:\/\/vietnaturetour.com\/\",\"logo\":{\"@type\":\"ImageObject\",\"inLanguage\":\"vi\",\"@id\":\"https:\/\/vietnaturetour.com\/#\/schema\/logo\/image\/\",\"url\":\"https:\/\/vietnaturetour.com\/wp-content\/uploads\/2025\/10\/VIETNATURE-e1763363910348.png\",\"contentUrl\":\"https:\/\/vietnaturetour.com\/wp-content\/uploads\/2025\/10\/VIETNATURE-e1763363910348.png\",\"width\":795,\"height\":366,\"caption\":\"VIETNATURE-Embrace nature\"},\"image\":{\"@id\":\"https:\/\/vietnaturetour.com\/#\/schema\/logo\/image\/\"}}]}<\/script>\n<!-- \/ Yoast SEO plugin. -->","yoast_head_json":{"title":"TOUR HOANG D\u00c3 C\u00c1T TI\u00caN - VIETNATURE-Embrace nature","robots":{"index":"index","follow":"follow","max-snippet":"max-snippet:-1","max-image-preview":"max-image-preview:large","max-video-preview":"max-video-preview:-1"},"canonical":"https:\/\/vietnaturetour.com\/vi\/tour-cat-tien\/","og_locale":"vi_VN","og_type":"article","og_title":"TOUR HOANG D\u00c3 C\u00c1T TI\u00caN - VIETNATURE-Embrace nature","og_url":"https:\/\/vietnaturetour.com\/vi\/tour-cat-tien\/","og_site_name":"VIETNATURE-Embrace nature","article_modified_time":"2025-09-30T02:43:30+00:00","og_image":[{"width":1080,"height":1874,"url":"https:\/\/vietnaturetour.com\/wp-content\/uploads\/2025\/05\/1-3.jpg","type":"image\/jpeg"}],"twitter_card":"summary_large_image","twitter_misc":{"\u01af\u1edbc t\u00ednh th\u1eddi gian \u0111\u1ecdc":"2 ph\u00fat"},"schema":{"@context":"https:\/\/schema.org","@graph":[{"@type":"WebPage","@id":"https:\/\/vietnaturetour.com\/vi\/tour-cat-tien\/","url":"https:\/\/vietnaturetour.com\/vi\/tour-cat-tien\/","name":"TOUR HOANG D\u00c3 C\u00c1T TI\u00caN - VIETNATURE-Embrace nature","isPartOf":{"@id":"https:\/\/vietnaturetour.com\/#website"},"primaryImageOfPage":{"@id":"https:\/\/vietnaturetour.com\/vi\/tour-cat-tien\/#primaryimage"},"image":{"@id":"https:\/\/vietnaturetour.com\/vi\/tour-cat-tien\/#primaryimage"},"thumbnailUrl":"https:\/\/vietnaturetour.com\/wp-content\/uploads\/2024\/10\/4-1.jpg","datePublished":"2025-01-08T06:32:15+00:00","dateModified":"2025-09-30T02:43:30+00:00","breadcrumb":{"@id":"https:\/\/vietnaturetour.com\/vi\/tour-cat-tien\/#breadcrumb"},"inLanguage":"vi","potentialAction":[{"@type":"ReadAction","target":["https:\/\/vietnaturetour.com\/vi\/tour-cat-tien\/"]}]},{"@type":"ImageObject","inLanguage":"vi","@id":"https:\/\/vietnaturetour.com\/vi\/tour-cat-tien\/#primaryimage","url":"https:\/\/vietnaturetour.com\/wp-content\/uploads\/2024\/10\/4-1.jpg","contentUrl":"https:\/\/vietnaturetour.com\/wp-content\/uploads\/2024\/10\/4-1.jpg","width":2089,"height":1567,"caption":"OLYMPUS DIGITAL CAMERA"},{"@type":"BreadcrumbList","@id":"https:\/\/vietnaturetour.com\/vi\/tour-cat-tien\/#breadcrumb","itemListElement":[{"@type":"ListItem","position":1,"name":"Home","item":"https:\/\/vietnaturetour.com\/vi\/"},{"@type":"ListItem","position":2,"name":"TOUR HOANG D\u00c3 C\u00c1T TI\u00caN"}]},{"@type":"WebSite","@id":"https:\/\/vietnaturetour.com\/#website","url":"https:\/\/vietnaturetour.com\/","name":"VIETNATURE-Embrace nature","description":"","publisher":{"@id":"https:\/\/vietnaturetour.com\/#organization"},"potentialAction":[{"@type":"SearchAction","target":{"@type":"EntryPoint","urlTemplate":"https:\/\/vietnaturetour.com\/?s={search_term_string}"},"query-input":{"@type":"PropertyValueSpecification","valueRequired":true,"valueName":"search_term_string"}}],"inLanguage":"vi"},{"@type":"Organization","@id":"https:\/\/vietnaturetour.com\/#organization","name":"VIETNATURE-Embrace nature","url":"https:\/\/vietnaturetour.com\/","logo":{"@type":"ImageObject","inLanguage":"vi","@id":"https:\/\/vietnaturetour.com\/#\/schema\/logo\/image\/","url":"https:\/\/vietnaturetour.com\/wp-content\/uploads\/2025\/10\/VIETNATURE-e1763363910348.png","contentUrl":"https:\/\/vietnaturetour.com\/wp-content\/uploads\/2025\/10\/VIETNATURE-e1763363910348.png","width":795,"height":366,"caption":"VIETNATURE-Embrace nature"},"image":{"@id":"https:\/\/vietnaturetour.com\/#\/schema\/logo\/image\/"}}]}},"_links":{"self":[{"href":"https:\/\/vietnaturetour.com\/vi\/wp-json\/wp\/v2\/pages\/5432"}],"collection":[{"href":"https:\/\/vietnaturetour.com\/vi\/wp-json\/wp\/v2\/pages"}],"about":[{"href":"https:\/\/vietnaturetour.com\/vi\/wp-json\/wp\/v2\/types\/page"}],"author":[{"embeddable":true,"href":"https:\/\/vietnaturetour.com\/vi\/wp-json\/wp\/v2\/users\/3"}],"replies":[{"embeddable":true,"href":"https:\/\/vietnaturetour.com\/vi\/wp-json\/wp\/v2\/comments?post=5432"}],"version-history":[{"count":8,"href":"https:\/\/vietnaturetour.com\/vi\/wp-json\/wp\/v2\/pages\/5432\/revisions"}],"predecessor-version":[{"id":7233,"href":"https:\/\/vietnaturetour.com\/vi\/wp-json\/wp\/v2\/pages\/5432\/revisions\/7233"}],"wp:featuredmedia":[{"embeddable":true,"href":"https:\/\/vietnaturetour.com\/vi\/wp-json\/wp\/v2\/media\/7213"}],"wp:attachment":[{"href":"https:\/\/vietnaturetour.com\/vi\/wp-json\/wp\/v2\/media?parent=5432"}],"curies":[{"name":"wp","href":"https:\/\/api.w.org\/{rel}","templated":true}]}}