{"id":5411,"date":"2025-01-06T14:47:49","date_gmt":"2025-01-06T07:47:49","guid":{"rendered":"https:\/\/vietnaturetour.com\/?page_id=5411"},"modified":"2025-09-30T09:43:31","modified_gmt":"2025-09-30T02:43:31","slug":"tour-nhieu-ngay","status":"publish","type":"page","link":"https:\/\/vietnaturetour.com\/vi\/tour-nhieu-ngay\/","title":{"rendered":"TOUR NHI\u1ec0U NG\u00c0Y"},"content":{"rendered":"\n\t<section class=\"section\" id=\"section_379530613\">\n\t\t<div class=\"bg section-bg fill bg-fill  bg-loaded\" >\n\n\t\t\t\n\t\t\t\n\t\t\t\n\n\t\t<\/div>\n\n\t\t\n\n\t\t<div class=\"section-content relative\">\n\t\t\t\n\t<div class=\"img has-hover x md-x lg-x y md-y lg-y\" id=\"image_1082807217\">\n\t\t\t\t\t\t\t\t<div class=\"img-inner dark\" >\n\t\t\t<img loading=\"lazy\" decoding=\"async\" width=\"1920\" height=\"896\" src=\"https:\/\/vietnaturetour.com\/wp-content\/uploads\/2025\/09\/vietnature-banner-2.03-1.png\" class=\"attachment-original size-original\" alt=\"\" srcset=\"https:\/\/vietnaturetour.com\/wp-content\/uploads\/2025\/09\/vietnature-banner-2.03-1.png 1920w, https:\/\/vietnaturetour.com\/wp-content\/uploads\/2025\/09\/vietnature-banner-2.03-1-768x358.png 768w, https:\/\/vietnaturetour.com\/wp-content\/uploads\/2025\/09\/vietnature-banner-2.03-1-1536x717.png 1536w\" sizes=\"(max-width: 1920px) 100vw, 1920px\" \/>\t\t\t\t\t\t\n\t\t\t\t\t<\/div>\n\t\t\t\t\t\t\t\t\n<style>\n#image_1082807217 {\n  width: 100%;\n}\n<\/style>\n\t<\/div>\n\t\n\t\t<\/div>\n\n\t\t\n<style>\n#section_379530613 {\n  padding-top: 0px;\n  padding-bottom: 0px;\n}\n<\/style>\n\t<\/section>\n\t\n\t<section class=\"section\" id=\"section_766805731\">\n\t\t<div class=\"bg section-bg fill bg-fill  bg-loaded\" >\n\n\t\t\t\n\t\t\t\n\t\t\t\n\n\t\t<\/div>\n\n\t\t\n\n\t\t<div class=\"section-content relative\">\n\t\t\t\n<div class=\"row\"  id=\"row-167133832\">\n\n\t<div id=\"col-1027946895\" class=\"col small-12 large-12\"  >\n\t\t\t\t<div class=\"col-inner\"  >\n\t\t\t\n\t\t\t\n\t<div id=\"gap-884280121\" class=\"gap-element clearfix\" style=\"display:block; height:auto;\">\n\t\t\n<style>\n#gap-884280121 {\n  padding-top: 20px;\n}\n<\/style>\n\t<\/div>\n\t\n<p>Vi\u1ec7t Nam l\u00e0 thi\u00ean \u0111\u01b0\u1eddng cho c\u00e1c lo\u00e0i t\u1eebng b\u1ecb cho l\u00e0 \u0111\u00e3 tuy\u1ec7t ch\u1ee7ng, nh\u01b0 lo\u00e0i Chu\u1ed9t \u0111\u00e1 Tr\u01b0\u1eddng S\u01a1n (<em>Aenigmanus<\/em>) xu\u1ea5t hi\u1ec7n tr\u1edf l\u1ea1i sau 11 tri\u1ec7u n\u0103m, lo\u00e0i Cheo Cheo l\u01b0ng b\u1ea1c (<em>Tragulus versicolor<\/em>) sau 30 n\u0103m v\u00e0 lo\u00e0i Sao la (<em>Pseudoryx nghetinhensis<\/em>) sau 50 n\u0103m. C\u00e1c lo\u00e0i qu\u00fd hi\u1ebfm v\u00e0 \u0111\u1eb7c h\u1eefu c\u00f3 th\u1ec3 \u0111\u01b0\u1ee3c t\u00ecm th\u1ea5y. C\u00e1c lo\u00e0i linh tr\u01b0\u1edfng nh\u01b0 Vo\u1ecdc Qu\u1ea7n \u0111\u00f9i tr\u1eafng, Vo\u1ecdc C\u00e1t B\u00e0, Vo\u1ecdc m\u0169i h\u1ebfch v\u00e0 V\u01b0\u1ee3n \u0111en m\u00e1 v\u00e0ng trong r\u1eebng. C\u00e1c lo\u00e0i chim qu\u00fd hi\u1ebfm nh\u01b0 G\u00e0 ti\u1ec1n m\u1eb7t \u0111\u1ecf, G\u00e0 so c\u1ed5 hung, Mi Langbia, Ch\u00edch b\u1ee5i n\u00e2u \u0111\u1ecf \u0110\u00e0 L\u1ea1t v\u00e0 S\u1ebb th\u00f4ng h\u1ecdng v\u00e0ng ph\u00e1t tri\u1ec3n m\u1ea1nh \u1edf \u0111\u00e2y. Ngo\u00e0i ra, c\u00e1c lo\u00e0i b\u00f2 s\u00e1t nh\u01b0 C\u00e1 c\u00f3c s\u1ea7n Ng\u1ecdc Linh (<em>Tylototriton ngoclinhensis<\/em>) v\u00e0 Tr\u0103n \u0111\u1ea5t (<em>Python molurus<\/em>), c\u00f9ng v\u1edbi c\u00e1c lo\u00e0i th\u1ef1c v\u1eadt \u0111\u1ed9c \u0111\u00e1o nh\u01b0 S\u00e2m ng\u1ecdc linh (<em>Panax Vietnamensis)<\/em>, B\u00ed k\u1ef3 nam (<em>Hydnophytum Formicarum)\u00a0<\/em>v\u00e0 Tr\u00e0 C\u00e1t Ti\u00ean (<em>Camellia cattienensis<\/em>), g\u00f3p ph\u1ea7n v\u00e0o s\u1ef1 \u0111a d\u1ea1ng sinh h\u1ecdc \u0111\u00e1ng ch\u00fa \u00fd n\u00e0y.<\/p>\n<p>N\u1ebfu b\u1ea1n quan t\u00e2m \u0111\u1ebfn vi\u1ec7c kh\u00e1m ph\u00e1 k\u1ef3 quan thi\u00ean nhi\u00ean n\u00e0y, h\u00e3y k\u1ebft n\u1ed1i Vietnature Tour. Ch\u00fang t\u00f4i cung c\u1ea5p c\u00e1c d\u1ecbch v\u1ee5 du l\u1ecbch thi\u00ean nhi\u00ean kh\u00e1c nhau, t\u00f9y thu\u1ed9c v\u00e0o s\u1edf th\u00edch c\u1ee7a b\u1ea1n. Ch\u00fang t\u00f4i c\u0169ng c\u00f3 th\u1ec3 t\u00f9y ch\u1ec9nh ch\u01b0\u01a1ng tr\u00ecnh d\u1ef1a tr\u00ean s\u1edf th\u00edch c\u1ee7a b\u1ea1n. L\u1ecbch tr\u00ecnh cu\u1ed1i c\u00f9ng s\u1ebd \u0111\u01b0\u1ee3c th\u1ed1ng nh\u1ea5t tr\u01b0\u1edbc khi kh\u1edfi h\u00e0nh.<\/p>\n\t<div id=\"gap-1867322997\" class=\"gap-element clearfix\" style=\"display:block; height:auto;\">\n\t\t\n<style>\n#gap-1867322997 {\n  padding-top: 30px;\n}\n<\/style>\n\t<\/div>\n\t\n\n  \n    <div class=\"row large-columns-3 medium-columns-1 small-columns-1\" >\n  <\/div>\n\t\t<\/div>\n\t\t\t\t\t<\/div>\n\n\t\n<\/div>\n\t\t<\/div>\n\n\t\t\n<style>\n#section_766805731 {\n  padding-top: 30px;\n  padding-bottom: 30px;\n  background-color: rgb(255, 255, 255);\n}\n<\/style>\n\t<\/section>\n\t\n","protected":false},"excerpt":{"rendered":"","protected":false},"author":3,"featured_media":5837,"parent":0,"menu_order":0,"comment_status":"closed","ping_status":"closed","template":"page-transparent-header.php","meta":{"inline_featured_image":false,"footnotes":""},"class_list":["post-5411","page","type-page","status-publish","has-post-thumbnail","hentry"],"yoast_head":"<!-- This site is optimized with the Yoast SEO plugin v25.0 - https:\/\/yoast.com\/wordpress\/plugins\/seo\/ -->\n<title>TOUR NHI\u1ec0U NG\u00c0Y - VIETNATURE-Embrace nature<\/title>\n<meta name=\"robots\" content=\"index, follow, max-snippet:-1, max-image-preview:large, max-video-preview:-1\" \/>\n<link rel=\"canonical\" href=\"https:\/\/vietnaturetour.com\/vi\/tour-nhieu-ngay\/\" \/>\n<meta property=\"og:locale\" content=\"vi_VN\" \/>\n<meta property=\"og:type\" content=\"article\" \/>\n<meta property=\"og:title\" content=\"TOUR NHI\u1ec0U NG\u00c0Y - VIETNATURE-Embrace nature\" \/>\n<meta property=\"og:url\" content=\"https:\/\/vietnaturetour.com\/vi\/tour-nhieu-ngay\/\" \/>\n<meta property=\"og:site_name\" content=\"VIETNATURE-Embrace nature\" \/>\n<meta property=\"article:modified_time\" content=\"2025-09-30T02:43:31+00:00\" \/>\n<meta property=\"og:image\" content=\"https:\/\/vietnaturetour.com\/wp-content\/uploads\/2025\/05\/2-4.jpg\" \/>\n\t<meta property=\"og:image:width\" content=\"1280\" \/>\n\t<meta property=\"og:image:height\" content=\"960\" \/>\n\t<meta property=\"og:image:type\" content=\"image\/jpeg\" \/>\n<meta name=\"twitter:card\" content=\"summary_large_image\" \/>\n<meta name=\"twitter:label1\" content=\"\u01af\u1edbc t\u00ednh th\u1eddi gian \u0111\u1ecdc\" \/>\n\t<meta name=\"twitter:data1\" content=\"2 ph\u00fat\" \/>\n<script type=\"application\/ld+json\" class=\"yoast-schema-graph\">{\"@context\":\"https:\/\/schema.org\",\"@graph\":[{\"@type\":\"WebPage\",\"@id\":\"https:\/\/vietnaturetour.com\/vi\/tour-nhieu-ngay\/\",\"url\":\"https:\/\/vietnaturetour.com\/vi\/tour-nhieu-ngay\/\",\"name\":\"TOUR NHI\u1ec0U NG\u00c0Y - VIETNATURE-Embrace nature\",\"isPartOf\":{\"@id\":\"https:\/\/vietnaturetour.com\/#website\"},\"primaryImageOfPage\":{\"@id\":\"https:\/\/vietnaturetour.com\/vi\/tour-nhieu-ngay\/#primaryimage\"},\"image\":{\"@id\":\"https:\/\/vietnaturetour.com\/vi\/tour-nhieu-ngay\/#primaryimage\"},\"thumbnailUrl\":\"https:\/\/vietnaturetour.com\/wp-content\/uploads\/2025\/05\/2-4.jpg\",\"datePublished\":\"2025-01-06T07:47:49+00:00\",\"dateModified\":\"2025-09-30T02:43:31+00:00\",\"breadcrumb\":{\"@id\":\"https:\/\/vietnaturetour.com\/vi\/tour-nhieu-ngay\/#breadcrumb\"},\"inLanguage\":\"vi\",\"potentialAction\":[{\"@type\":\"ReadAction\",\"target\":[\"https:\/\/vietnaturetour.com\/vi\/tour-nhieu-ngay\/\"]}]},{\"@type\":\"ImageObject\",\"inLanguage\":\"vi\",\"@id\":\"https:\/\/vietnaturetour.com\/vi\/tour-nhieu-ngay\/#primaryimage\",\"url\":\"https:\/\/vietnaturetour.com\/wp-content\/uploads\/2025\/05\/2-4.jpg\",\"contentUrl\":\"https:\/\/vietnaturetour.com\/wp-content\/uploads\/2025\/05\/2-4.jpg\",\"width\":1280,\"height\":960,\"caption\":\"If you are interested in exploring this natural wonder, consider Vietnature Tour. We offer a variety of nature tours, depending upon yor interests, We can also customize the program based on your preferences. A final itinerary will be agreed upon prior to departure.\"},{\"@type\":\"BreadcrumbList\",\"@id\":\"https:\/\/vietnaturetour.com\/vi\/tour-nhieu-ngay\/#breadcrumb\",\"itemListElement\":[{\"@type\":\"ListItem\",\"position\":1,\"name\":\"Home\",\"item\":\"https:\/\/vietnaturetour.com\/vi\/\"},{\"@type\":\"ListItem\",\"position\":2,\"name\":\"TOUR NHI\u1ec0U NG\u00c0Y\"}]},{\"@type\":\"WebSite\",\"@id\":\"https:\/\/vietnaturetour.com\/#website\",\"url\":\"https:\/\/vietnaturetour.com\/\",\"name\":\"VIETNATURE-Embrace nature\",\"description\":\"\",\"publisher\":{\"@id\":\"https:\/\/vietnaturetour.com\/#organization\"},\"potentialAction\":[{\"@type\":\"SearchAction\",\"target\":{\"@type\":\"EntryPoint\",\"urlTemplate\":\"https:\/\/vietnaturetour.com\/?s={search_term_string}\"},\"query-input\":{\"@type\":\"PropertyValueSpecification\",\"valueRequired\":true,\"valueName\":\"search_term_string\"}}],\"inLanguage\":\"vi\"},{\"@type\":\"Organization\",\"@id\":\"https:\/\/vietnaturetour.com\/#organization\",\"name\":\"VIETNATURE-Embrace nature\",\"url\":\"https:\/\/vietnaturetour.com\/\",\"logo\":{\"@type\":\"ImageObject\",\"inLanguage\":\"vi\",\"@id\":\"https:\/\/vietnaturetour.com\/#\/schema\/logo\/image\/\",\"url\":\"https:\/\/vietnaturetour.com\/wp-content\/uploads\/2025\/10\/VIETNATURE-e1763363910348.png\",\"contentUrl\":\"https:\/\/vietnaturetour.com\/wp-content\/uploads\/2025\/10\/VIETNATURE-e1763363910348.png\",\"width\":795,\"height\":366,\"caption\":\"VIETNATURE-Embrace nature\"},\"image\":{\"@id\":\"https:\/\/vietnaturetour.com\/#\/schema\/logo\/image\/\"}}]}<\/script>\n<!-- \/ Yoast SEO plugin. -->","yoast_head_json":{"title":"TOUR NHI\u1ec0U NG\u00c0Y - VIETNATURE-Embrace nature","robots":{"index":"index","follow":"follow","max-snippet":"max-snippet:-1","max-image-preview":"max-image-preview:large","max-video-preview":"max-video-preview:-1"},"canonical":"https:\/\/vietnaturetour.com\/vi\/tour-nhieu-ngay\/","og_locale":"vi_VN","og_type":"article","og_title":"TOUR NHI\u1ec0U NG\u00c0Y - VIETNATURE-Embrace nature","og_url":"https:\/\/vietnaturetour.com\/vi\/tour-nhieu-ngay\/","og_site_name":"VIETNATURE-Embrace nature","article_modified_time":"2025-09-30T02:43:31+00:00","og_image":[{"width":1280,"height":960,"url":"https:\/\/vietnaturetour.com\/wp-content\/uploads\/2025\/05\/2-4.jpg","type":"image\/jpeg"}],"twitter_card":"summary_large_image","twitter_misc":{"\u01af\u1edbc t\u00ednh th\u1eddi gian \u0111\u1ecdc":"2 ph\u00fat"},"schema":{"@context":"https:\/\/schema.org","@graph":[{"@type":"WebPage","@id":"https:\/\/vietnaturetour.com\/vi\/tour-nhieu-ngay\/","url":"https:\/\/vietnaturetour.com\/vi\/tour-nhieu-ngay\/","name":"TOUR NHI\u1ec0U NG\u00c0Y - VIETNATURE-Embrace nature","isPartOf":{"@id":"https:\/\/vietnaturetour.com\/#website"},"primaryImageOfPage":{"@id":"https:\/\/vietnaturetour.com\/vi\/tour-nhieu-ngay\/#primaryimage"},"image":{"@id":"https:\/\/vietnaturetour.com\/vi\/tour-nhieu-ngay\/#primaryimage"},"thumbnailUrl":"https:\/\/vietnaturetour.com\/wp-content\/uploads\/2025\/05\/2-4.jpg","datePublished":"2025-01-06T07:47:49+00:00","dateModified":"2025-09-30T02:43:31+00:00","breadcrumb":{"@id":"https:\/\/vietnaturetour.com\/vi\/tour-nhieu-ngay\/#breadcrumb"},"inLanguage":"vi","potentialAction":[{"@type":"ReadAction","target":["https:\/\/vietnaturetour.com\/vi\/tour-nhieu-ngay\/"]}]},{"@type":"ImageObject","inLanguage":"vi","@id":"https:\/\/vietnaturetour.com\/vi\/tour-nhieu-ngay\/#primaryimage","url":"https:\/\/vietnaturetour.com\/wp-content\/uploads\/2025\/05\/2-4.jpg","contentUrl":"https:\/\/vietnaturetour.com\/wp-content\/uploads\/2025\/05\/2-4.jpg","width":1280,"height":960,"caption":"If you are interested in exploring this natural wonder, consider Vietnature Tour. We offer a variety of nature tours, depending upon yor interests, We can also customize the program based on your preferences. A final itinerary will be agreed upon prior to departure."},{"@type":"BreadcrumbList","@id":"https:\/\/vietnaturetour.com\/vi\/tour-nhieu-ngay\/#breadcrumb","itemListElement":[{"@type":"ListItem","position":1,"name":"Home","item":"https:\/\/vietnaturetour.com\/vi\/"},{"@type":"ListItem","position":2,"name":"TOUR NHI\u1ec0U NG\u00c0Y"}]},{"@type":"WebSite","@id":"https:\/\/vietnaturetour.com\/#website","url":"https:\/\/vietnaturetour.com\/","name":"VIETNATURE-Embrace nature","description":"","publisher":{"@id":"https:\/\/vietnaturetour.com\/#organization"},"potentialAction":[{"@type":"SearchAction","target":{"@type":"EntryPoint","urlTemplate":"https:\/\/vietnaturetour.com\/?s={search_term_string}"},"query-input":{"@type":"PropertyValueSpecification","valueRequired":true,"valueName":"search_term_string"}}],"inLanguage":"vi"},{"@type":"Organization","@id":"https:\/\/vietnaturetour.com\/#organization","name":"VIETNATURE-Embrace nature","url":"https:\/\/vietnaturetour.com\/","logo":{"@type":"ImageObject","inLanguage":"vi","@id":"https:\/\/vietnaturetour.com\/#\/schema\/logo\/image\/","url":"https:\/\/vietnaturetour.com\/wp-content\/uploads\/2025\/10\/VIETNATURE-e1763363910348.png","contentUrl":"https:\/\/vietnaturetour.com\/wp-content\/uploads\/2025\/10\/VIETNATURE-e1763363910348.png","width":795,"height":366,"caption":"VIETNATURE-Embrace nature"},"image":{"@id":"https:\/\/vietnaturetour.com\/#\/schema\/logo\/image\/"}}]}},"_links":{"self":[{"href":"https:\/\/vietnaturetour.com\/vi\/wp-json\/wp\/v2\/pages\/5411"}],"collection":[{"href":"https:\/\/vietnaturetour.com\/vi\/wp-json\/wp\/v2\/pages"}],"about":[{"href":"https:\/\/vietnaturetour.com\/vi\/wp-json\/wp\/v2\/types\/page"}],"author":[{"embeddable":true,"href":"https:\/\/vietnaturetour.com\/vi\/wp-json\/wp\/v2\/users\/3"}],"replies":[{"embeddable":true,"href":"https:\/\/vietnaturetour.com\/vi\/wp-json\/wp\/v2\/comments?post=5411"}],"version-history":[{"count":5,"href":"https:\/\/vietnaturetour.com\/vi\/wp-json\/wp\/v2\/pages\/5411\/revisions"}],"predecessor-version":[{"id":7234,"href":"https:\/\/vietnaturetour.com\/vi\/wp-json\/wp\/v2\/pages\/5411\/revisions\/7234"}],"wp:featuredmedia":[{"embeddable":true,"href":"https:\/\/vietnaturetour.com\/vi\/wp-json\/wp\/v2\/media\/5837"}],"wp:attachment":[{"href":"https:\/\/vietnaturetour.com\/vi\/wp-json\/wp\/v2\/media?parent=5411"}],"curies":[{"name":"wp","href":"https:\/\/api.w.org\/{rel}","templated":true}]}}