{"id":165,"date":"2024-12-19T07:50:26","date_gmt":"2024-12-19T07:50:26","guid":{"rendered":"http:\/\/vietnaturetour.local\/?page_id=165"},"modified":"2025-01-08T13:58:44","modified_gmt":"2025-01-08T06:58:44","slug":"lien-he","status":"publish","type":"page","link":"https:\/\/vietnaturetour.com\/vi\/lien-he\/","title":{"rendered":"Li\u00ean h\u1ec7"},"content":{"rendered":"\n\t<section class=\"section\" id=\"section_975188039\">\n\t\t<div class=\"bg section-bg fill bg-fill  bg-loaded\" >\n\n\t\t\t\n\t\t\t\n\t\t\t\n\n\t\t<\/div>\n\n\t\t\n\n\t\t<div class=\"section-content relative\">\n\t\t\t\n\t<div class=\"img has-hover x md-x lg-x y md-y lg-y\" id=\"image_996239015\">\n\t\t\t\t\t\t\t\t<div class=\"img-inner dark\" >\n\t\t\t<img loading=\"lazy\" decoding=\"async\" width=\"1920\" height=\"896\" src=\"https:\/\/vietnaturetour.com\/wp-content\/uploads\/2025\/09\/vietnature-banner-2.03.png\" class=\"attachment-original size-original\" alt=\"\" srcset=\"https:\/\/vietnaturetour.com\/wp-content\/uploads\/2025\/09\/vietnature-banner-2.03.png 1920w, https:\/\/vietnaturetour.com\/wp-content\/uploads\/2025\/09\/vietnature-banner-2.03-768x358.png 768w, https:\/\/vietnaturetour.com\/wp-content\/uploads\/2025\/09\/vietnature-banner-2.03-1536x717.png 1536w\" sizes=\"(max-width: 1920px) 100vw, 1920px\" \/>\t\t\t\t\t\t\n\t\t\t\t\t<\/div>\n\t\t\t\t\t\t\t\t\n<style>\n#image_996239015 {\n  width: 100%;\n}\n<\/style>\n\t<\/div>\n\t\n\t\t<\/div>\n\n\t\t\n<style>\n#section_975188039 {\n  padding-top: 0px;\n  padding-bottom: 0px;\n}\n<\/style>\n\t<\/section>\n\t\n\t<section class=\"section\" id=\"section_811731557\">\n\t\t<div class=\"bg section-bg fill bg-fill  bg-loaded\" >\n\n\t\t\t\n\t\t\t\n\t\t\t\n\n\t\t<\/div>\n\n\t\t\n\n\t\t<div class=\"section-content relative\">\n\t\t\t\n<div class=\"row\"  id=\"row-1874230131\">\n\n\t<div id=\"col-1593691126\" class=\"col medium-4 small-12 large-4\"  >\n\t\t\t\t<div class=\"col-inner\"  >\n\t\t\t\n\t\t\t\n<div  >\n\t<div id=\"text-2597307094\" class=\"text mbws_mb-0\">\n\t\t\n<p><strong>\u0110\u1ecba ch\u1ec9:<br \/>\n<\/strong><\/p>\n\t\t\n<style>\n#text-2597307094 {\n  font-size: 2rem;\n  color: rgb(0,0,0);\n}\n#text-2597307094 > * {\n  color: rgb(0,0,0);\n}\n<\/style>\n\t<\/div>\n\t\n\t<div id=\"gap-1750957440\" class=\"gap-element clearfix\" style=\"display:block; height:auto;\">\n\t\t\n<style>\n#gap-1750957440 {\n  padding-top: 10px;\n}\n<\/style>\n\t<\/div>\n\t\n\n\t\t<div class=\"icon-box featured-box icon-box-left text-left\"  >\n\t\t\t\t\t<div class=\"icon-box-img\" style=\"width: 20px\">\n\t\t\t\t<div class=\"icon\">\n\t\t\t\t\t<div class=\"icon-inner\" >\n\t\t\t\t\t\t<?xml version=\"1.0\" encoding=\"iso-8859-1\"?>\r\n<!-- Generator: Adobe Illustrator 16.0.0, SVG Export Plug-In . SVG Version: 6.00 Build 0)  -->\r\n<!DOCTYPE svg PUBLIC \"-\/\/W3C\/\/DTD SVG 1.1\/\/EN\" \"http:\/\/www.w3.org\/Graphics\/SVG\/1.1\/DTD\/svg11.dtd\">\r\n<svg version=\"1.1\" id=\"Capa_1\" xmlns=\"http:\/\/www.w3.org\/2000\/svg\" xmlns:xlink=\"http:\/\/www.w3.org\/1999\/xlink\" x=\"0px\" y=\"0px\"\r\n\t width=\"38px\" height=\"38px\" viewBox=\"0 0 38 38\" style=\"enable-background:new 0 0 38 38;\" xml:space=\"preserve\">\r\n<g>\r\n\t<path d=\"M19,0C11.096,0,4.666,6.43,4.666,14.333c0,11.379,12.796,22.81,13.341,23.292C18.292,37.875,18.646,38,19,38\r\n\t\tc0.368,0,0.736-0.135,1.023-0.404c0.543-0.508,13.311-12.568,13.311-23.262C33.334,6.431,26.902,0,19,0z M19,21.168\r\n\t\tc-3.775,0-6.834-3.061-6.834-6.833S15.225,7.502,19,7.502c3.773,0,6.832,3.06,6.832,6.833S22.773,21.168,19,21.168z\"\/>\r\n<\/g>\r\n<g>\r\n<\/g>\r\n<g>\r\n<\/g>\r\n<g>\r\n<\/g>\r\n<g>\r\n<\/g>\r\n<g>\r\n<\/g>\r\n<g>\r\n<\/g>\r\n<g>\r\n<\/g>\r\n<g>\r\n<\/g>\r\n<g>\r\n<\/g>\r\n<g>\r\n<\/g>\r\n<g>\r\n<\/g>\r\n<g>\r\n<\/g>\r\n<g>\r\n<\/g>\r\n<g>\r\n<\/g>\r\n<g>\r\n<\/g>\r\n<\/svg>\r\n\t\t\t\t\t<\/div>\n\t\t\t\t<\/div>\n\t\t\t<\/div>\n\t\t\t\t<div class=\"icon-box-text last-reset\">\n\t\t\t\t\t\t\t\t\t\n<p>14\/4, Road No. 15, Tam Hiep hamlet, Xuan Hiep commune, Xuan Loc district, Dong Nai province, VietNam<\/p>\n\t\t<\/div>\n\t<\/div>\n\t\n\t\n<\/div>\n\t<div id=\"gap-794026940\" class=\"gap-element clearfix\" style=\"display:block; height:auto;\">\n\t\t\n<style>\n#gap-794026940 {\n  padding-top: 30px;\n}\n<\/style>\n\t<\/div>\n\t\n<div  >\n\t<div id=\"text-1486522807\" class=\"text mbws_mb-0\">\n\t\t\n<p><strong>\u0110i\u1ec7n tho\u1ea1i:<\/strong><\/p>\n\t\t\n<style>\n#text-1486522807 {\n  font-size: 2rem;\n  color: rgb(0,0,0);\n}\n#text-1486522807 > * {\n  color: rgb(0,0,0);\n}\n<\/style>\n\t<\/div>\n\t\n\t<div id=\"gap-1637705451\" class=\"gap-element clearfix\" style=\"display:block; height:auto;\">\n\t\t\n<style>\n#gap-1637705451 {\n  padding-top: 10px;\n}\n<\/style>\n\t<\/div>\n\t\n\n\t\t<div class=\"icon-box featured-box icon-box-left text-left\"  >\n\t\t\t\t\t<div class=\"icon-box-img\" style=\"width: 20px\">\n\t\t\t\t<div class=\"icon\">\n\t\t\t\t\t<div class=\"icon-inner\" >\n\t\t\t\t\t\t<svg id=\"Layer_3\" height=\"512\" viewBox=\"0 0 32 32\" width=\"512\" xmlns=\"http:\/\/www.w3.org\/2000\/svg\" data-name=\"Layer 3\"><path d=\"m30.035 22.6c-.082-.065-6.035-4.356-7.669-4.048-.78.138-1.226.67-2.121 1.735-.144.172-.49.584-.759.877a12.517 12.517 0 0 1 -1.651-.672 13.7 13.7 0 0 1 -6.321-6.321 12.458 12.458 0 0 1 -.672-1.651c.294-.27.706-.616.882-.764 1.06-.89 1.593-1.336 1.731-2.118.283-1.62-4.005-7.614-4.05-7.668a2.289 2.289 0 0 0 -1.705-.97c-1.738 0-6.7 6.437-6.7 7.521 0 .063.091 6.467 7.988 14.5 8.025 7.888 14.428 7.979 14.491 7.979 1.085 0 7.521-4.962 7.521-6.7a2.283 2.283 0 0 0 -.965-1.7z\"\/><\/svg>\t\t\t\t\t<\/div>\n\t\t\t\t<\/div>\n\t\t\t<\/div>\n\t\t\t\t<div class=\"icon-box-text last-reset\">\n\t\t\t\t\t\t\t\t\t\n<p>+84(0)985880680<\/p>\n\t\t<\/div>\n\t<\/div>\n\t\n\t\n\n\t\t<div class=\"icon-box featured-box icon-box-left text-left\"  >\n\t\t\t\t\t<div class=\"icon-box-img\" style=\"width: 20px\">\n\t\t\t\t<div class=\"icon\">\n\t\t\t\t\t<div class=\"icon-inner\" >\n\t\t\t\t\t\t<svg id=\"Layer_3\" height=\"512\" viewBox=\"0 0 32 32\" width=\"512\" xmlns=\"http:\/\/www.w3.org\/2000\/svg\" data-name=\"Layer 3\"><path d=\"m30.035 22.6c-.082-.065-6.035-4.356-7.669-4.048-.78.138-1.226.67-2.121 1.735-.144.172-.49.584-.759.877a12.517 12.517 0 0 1 -1.651-.672 13.7 13.7 0 0 1 -6.321-6.321 12.458 12.458 0 0 1 -.672-1.651c.294-.27.706-.616.882-.764 1.06-.89 1.593-1.336 1.731-2.118.283-1.62-4.005-7.614-4.05-7.668a2.289 2.289 0 0 0 -1.705-.97c-1.738 0-6.7 6.437-6.7 7.521 0 .063.091 6.467 7.988 14.5 8.025 7.888 14.428 7.979 14.491 7.979 1.085 0 7.521-4.962 7.521-6.7a2.283 2.283 0 0 0 -.965-1.7z\"\/><\/svg>\t\t\t\t\t<\/div>\n\t\t\t\t<\/div>\n\t\t\t<\/div>\n\t\t\t\t<div class=\"icon-box-text last-reset\">\n\t\t\t\t\t\t\t\t\t\n<p>+84(0)948850468<\/p>\n\t\t<\/div>\n\t<\/div>\n\t\n\t\n<\/div>\n\t<div id=\"gap-1336650746\" class=\"gap-element clearfix\" style=\"display:block; height:auto;\">\n\t\t\n<style>\n#gap-1336650746 {\n  padding-top: 30px;\n}\n<\/style>\n\t<\/div>\n\t\n<div  >\n\t<div id=\"text-2426926416\" class=\"text mbws_mb-0\">\n\t\t\n<p><strong>E-mail:<\/strong><\/p>\n\t\t\n<style>\n#text-2426926416 {\n  font-size: 2rem;\n  color: rgb(0,0,0);\n}\n#text-2426926416 > * {\n  color: rgb(0,0,0);\n}\n<\/style>\n\t<\/div>\n\t\n\t<div id=\"gap-1292932622\" class=\"gap-element clearfix\" style=\"display:block; height:auto;\">\n\t\t\n<style>\n#gap-1292932622 {\n  padding-top: 10px;\n}\n<\/style>\n\t<\/div>\n\t\n\n\t\t<div class=\"icon-box featured-box icon-box-left text-left\"  >\n\t\t\t\t\t<div class=\"icon-box-img\" style=\"width: 20px\">\n\t\t\t\t<div class=\"icon\">\n\t\t\t\t\t<div class=\"icon-inner\" >\n\t\t\t\t\t\t<?xml version=\"1.0\" encoding=\"iso-8859-1\"?>\r\n<!-- Generator: Adobe Illustrator 19.0.0, SVG Export Plug-In . SVG Version: 6.00 Build 0)  -->\r\n<svg version=\"1.1\" id=\"Capa_1\" xmlns=\"http:\/\/www.w3.org\/2000\/svg\" xmlns:xlink=\"http:\/\/www.w3.org\/1999\/xlink\" x=\"0px\" y=\"0px\"\r\n\t viewBox=\"0 0 512 512\" style=\"enable-background:new 0 0 512 512;\" xml:space=\"preserve\">\r\n<g>\r\n\t<g>\r\n\t\t<path d=\"M331.756,277.251l-42.881,43.026c-17.389,17.45-47.985,17.826-65.75,0l-42.883-43.026L26.226,431.767\r\n\t\t\tC31.959,434.418,38.28,436,45,436h422c6.72,0,13.039-1.58,18.77-4.232L331.756,277.251z\"\/>\r\n\t<\/g>\r\n<\/g>\r\n<g>\r\n\t<g>\r\n\t\t<path d=\"M467,76H45c-6.72,0-13.041,1.582-18.772,4.233l164.577,165.123c0.011,0.011,0.024,0.013,0.035,0.024\r\n\t\t\tc0.011,0.011,0.013,0.026,0.013,0.026l53.513,53.69c5.684,5.684,17.586,5.684,23.27,0l53.502-53.681c0,0,0.013-0.024,0.024-0.035\r\n\t\t\tc0,0,0.024-0.013,0.035-0.024L485.77,80.232C480.039,77.58,473.72,76,467,76z\"\/>\r\n\t<\/g>\r\n<\/g>\r\n<g>\r\n\t<g>\r\n\t\t<path d=\"M4.786,101.212C1.82,107.21,0,113.868,0,121v270c0,7.132,1.818,13.79,4.785,19.788l154.283-154.783L4.786,101.212z\"\/>\r\n\t<\/g>\r\n<\/g>\r\n<g>\r\n\t<g>\r\n\t\t<path d=\"M507.214,101.21L352.933,256.005L507.214,410.79C510.18,404.792,512,398.134,512,391V121\r\n\t\t\tC512,113.866,510.18,107.208,507.214,101.21z\"\/>\r\n\t<\/g>\r\n<\/g>\r\n<g>\r\n<\/g>\r\n<g>\r\n<\/g>\r\n<g>\r\n<\/g>\r\n<g>\r\n<\/g>\r\n<g>\r\n<\/g>\r\n<g>\r\n<\/g>\r\n<g>\r\n<\/g>\r\n<g>\r\n<\/g>\r\n<g>\r\n<\/g>\r\n<g>\r\n<\/g>\r\n<g>\r\n<\/g>\r\n<g>\r\n<\/g>\r\n<g>\r\n<\/g>\r\n<g>\r\n<\/g>\r\n<g>\r\n<\/g>\r\n<\/svg>\r\n\t\t\t\t\t<\/div>\n\t\t\t\t<\/div>\n\t\t\t<\/div>\n\t\t\t\t<div class=\"icon-box-text last-reset\">\n\t\t\t\t\t\t\t\t\t\n<p><a href=\"mailto:contact@vietnaturetour.com\">contact@vietnaturetour.com<\/a><\/p>\n\t\t<\/div>\n\t<\/div>\n\t\n\t\n<\/div>\n\t\t<\/div>\n\t\t\t\t\t<\/div>\n\n\t\n\n\t<div id=\"col-1188162836\" class=\"col medium-8 small-12 large-8\"  >\n\t\t\t\t<div class=\"col-inner\"  >\n\t\t\t\n\t\t\t\n\t<div id=\"text-265749733\" class=\"text mbws_mb-0\">\n\t\t\n<p><strong>G\u1eedi l\u1eddi nh\u1eafn<\/strong><\/p>\n\t\t\n<style>\n#text-265749733 {\n  font-size: 2rem;\n  color: rgb(0,0,0);\n}\n#text-265749733 > * {\n  color: rgb(0,0,0);\n}\n<\/style>\n\t<\/div>\n\t\n\t<div id=\"gap-1471174746\" class=\"gap-element clearfix\" style=\"display:block; height:auto;\">\n\t\t\n<style>\n#gap-1471174746 {\n  padding-top: 10px;\n}\n<\/style>\n\t<\/div>\n\t\n\t<div id=\"text-3657913484\" class=\"text mbws_mb-0\">\n\t\t\n<p>Ready to initiate an inquiry? Please fill out the form below with special interests, preferences, dietary or mobility restrictions, desired hotel standard, total budget excluding airfare, and any other information that will help us quickly create a custom-tailored quotation for you.<\/p>\n\t\t\t<\/div>\n\t\n\t<div id=\"gap-214401350\" class=\"gap-element clearfix\" style=\"display:block; height:auto;\">\n\t\t\n<style>\n#gap-214401350 {\n  padding-top: 20px;\n}\n<\/style>\n\t<\/div>\n\t\n\n<div class=\"wpcf7 no-js\" id=\"wpcf7-f137-o1\" lang=\"vi\" dir=\"ltr\" data-wpcf7-id=\"137\">\n<div class=\"screen-reader-response\"><p role=\"status\" aria-live=\"polite\" aria-atomic=\"true\"><\/p> <ul><\/ul><\/div>\n<form action=\"\/vi\/wp-json\/wp\/v2\/pages\/165#wpcf7-f137-o1\" method=\"post\" class=\"wpcf7-form init\" aria-label=\"Form li\u00ean h\u1ec7\" novalidate=\"novalidate\" data-status=\"init\">\n<div style=\"display: none;\">\n<input type=\"hidden\" name=\"_wpcf7\" value=\"137\" \/>\n<input type=\"hidden\" name=\"_wpcf7_version\" value=\"6.0.6\" \/>\n<input type=\"hidden\" name=\"_wpcf7_locale\" value=\"vi\" \/>\n<input type=\"hidden\" name=\"_wpcf7_unit_tag\" value=\"wpcf7-f137-o1\" \/>\n<input type=\"hidden\" name=\"_wpcf7_container_post\" value=\"0\" \/>\n<input type=\"hidden\" name=\"_wpcf7_posted_data_hash\" value=\"\" \/>\n<\/div>\n<div style=\"display: none\"><p><span class=\"wpcf7-form-control-wrap\" data-name=\"mbws\"><input size=\"40\" class=\"wpcf7-form-control wpcf7-text\" aria-invalid=\"false\" value=\"\" type=\"text\" name=\"mbws\"><\/span><\/p><\/div><div class=\"\">\n<div class=\"column span-6\"><p>\n    <span class=\"wpcf7-form-control-wrap\" data-name=\"your-name\"><input size=\"40\" maxlength=\"400\" class=\"wpcf7-form-control wpcf7-text wpcf7-validates-as-required\" aria-required=\"true\" aria-invalid=\"false\" placeholder=\"H\u1ecd T\u00ean *\" value=\"\" type=\"text\" name=\"your-name\" \/><\/span> <\/p><\/div>\n\n<div class=\"column span-6\"><p>\n    <span class=\"wpcf7-form-control-wrap\" data-name=\"your-email\"><input size=\"40\" maxlength=\"400\" class=\"wpcf7-form-control wpcf7-email wpcf7-validates-as-required wpcf7-text wpcf7-validates-as-email\" aria-required=\"true\" aria-invalid=\"false\" placeholder=\"Email *\" value=\"\" type=\"email\" name=\"your-email\" \/><\/span> <\/p><\/div>\n\n<div class=\"column span-6\"><p>\n    <span class=\"wpcf7-form-control-wrap\" data-name=\"your-subject\"><input size=\"40\" maxlength=\"400\" class=\"wpcf7-form-control wpcf7-text wpcf7-validates-as-required\" aria-required=\"true\" aria-invalid=\"false\" placeholder=\"N\u01a1i sinh *\" value=\"\" type=\"text\" name=\"your-subject\" \/><\/span> <\/p><\/div>\n<div class=\"column span-6\"><p>\n    <span class=\"wpcf7-form-control-wrap\" data-name=\"tel-143\"><input size=\"40\" maxlength=\"400\" class=\"wpcf7-form-control wpcf7-tel wpcf7-text wpcf7-validates-as-tel\" aria-invalid=\"false\" placeholder=\"S\u1ed1 \u0111i\u1ec7n tho\u1ea1i\" value=\"\" type=\"tel\" name=\"tel-143\" \/><\/span> <\/p><\/div>\n<\/div>\n<p>\n    <span class=\"wpcf7-form-control-wrap\" data-name=\"your-message\"><textarea cols=\"40\" rows=\"10\" maxlength=\"2000\" class=\"wpcf7-form-control wpcf7-textarea\" aria-invalid=\"false\" placeholder=\"Vui l\u00f2ng cung c\u1ea5p th\u00f4ng tin chi ti\u1ebft nh\u01b0 \u0111i\u1ec3m \u0111\u1ebfn \u01b0a th\u00edch c\u1ee7a qu\u00fd kh\u00e1ch, ho\u1ea1t \u0111\u1ed9ng \u01b0a th\u00edch, s\u1ed1 l\u01b0\u1ee3ng kh\u00e1ch v\u00e0 \u0111\u1ed9 tu\u1ed5i c\u1ee7a h\u1ecd, ng\u00e0y tham quan, kh\u1ea3 n\u0103ng \u0111i xe \u0111\u1ea1p v\u00e0 li\u1ec7u h\u1ecd c\u00f3 \u0103n chay hay kh\u00f4ng.\" name=\"your-message\"><\/textarea><\/span> <\/p>\n\n<p><input class=\"wpcf7-form-control wpcf7-submit has-spinner\" type=\"submit\" value=\"G\u1eedi\" \/><\/p><div class=\"wpcf7-response-output\" aria-hidden=\"true\"><\/div>\n<\/form>\n<\/div>\n\n\t\t<\/div>\n\t\t\t\t\t<\/div>\n\n\t\n<\/div>\n\n\t\t<\/div>\n\n\t\t\n<style>\n#section_811731557 {\n  padding-top: 30px;\n  padding-bottom: 30px;\n  background-color: rgb(237, 237, 237);\n}\n<\/style>\n\t<\/section>\n\t\n","protected":false},"excerpt":{"rendered":"","protected":false},"author":3,"featured_media":155,"parent":0,"menu_order":0,"comment_status":"closed","ping_status":"closed","template":"page-transparent-header.php","meta":{"inline_featured_image":false,"footnotes":""},"class_list":["post-165","page","type-page","status-publish","has-post-thumbnail","hentry"],"yoast_head":"<!-- This site is optimized with the Yoast SEO plugin v25.0 - https:\/\/yoast.com\/wordpress\/plugins\/seo\/ -->\n<title>Li\u00ean h\u1ec7 - VIETNATURE-Embrace nature<\/title>\n<meta name=\"robots\" content=\"index, follow, max-snippet:-1, max-image-preview:large, max-video-preview:-1\" \/>\n<link rel=\"canonical\" href=\"https:\/\/vietnaturetour.com\/vi\/lien-he\/\" \/>\n<meta property=\"og:locale\" content=\"vi_VN\" \/>\n<meta property=\"og:type\" content=\"article\" \/>\n<meta property=\"og:title\" content=\"Li\u00ean h\u1ec7 - VIETNATURE-Embrace nature\" \/>\n<meta property=\"og:url\" content=\"https:\/\/vietnaturetour.com\/vi\/lien-he\/\" \/>\n<meta property=\"og:site_name\" content=\"VIETNATURE-Embrace nature\" \/>\n<meta property=\"article:modified_time\" content=\"2025-01-08T06:58:44+00:00\" \/>\n<meta name=\"twitter:card\" content=\"summary_large_image\" \/>\n<meta name=\"twitter:label1\" content=\"\u01af\u1edbc t\u00ednh th\u1eddi gian \u0111\u1ecdc\" \/>\n\t<meta name=\"twitter:data1\" content=\"1 ph\u00fat\" \/>\n<script type=\"application\/ld+json\" class=\"yoast-schema-graph\">{\"@context\":\"https:\/\/schema.org\",\"@graph\":[{\"@type\":\"WebPage\",\"@id\":\"https:\/\/vietnaturetour.com\/vi\/lien-he\/\",\"url\":\"https:\/\/vietnaturetour.com\/vi\/lien-he\/\",\"name\":\"Li\u00ean h\u1ec7 - VIETNATURE-Embrace nature\",\"isPartOf\":{\"@id\":\"https:\/\/vietnaturetour.com\/#website\"},\"primaryImageOfPage\":{\"@id\":\"https:\/\/vietnaturetour.com\/vi\/lien-he\/#primaryimage\"},\"image\":{\"@id\":\"https:\/\/vietnaturetour.com\/vi\/lien-he\/#primaryimage\"},\"thumbnailUrl\":\"\",\"datePublished\":\"2024-12-19T07:50:26+00:00\",\"dateModified\":\"2025-01-08T06:58:44+00:00\",\"breadcrumb\":{\"@id\":\"https:\/\/vietnaturetour.com\/vi\/lien-he\/#breadcrumb\"},\"inLanguage\":\"vi\",\"potentialAction\":[{\"@type\":\"ReadAction\",\"target\":[\"https:\/\/vietnaturetour.com\/vi\/lien-he\/\"]}]},{\"@type\":\"ImageObject\",\"inLanguage\":\"vi\",\"@id\":\"https:\/\/vietnaturetour.com\/vi\/lien-he\/#primaryimage\",\"url\":\"\",\"contentUrl\":\"\",\"width\":1000,\"height\":1000},{\"@type\":\"BreadcrumbList\",\"@id\":\"https:\/\/vietnaturetour.com\/vi\/lien-he\/#breadcrumb\",\"itemListElement\":[{\"@type\":\"ListItem\",\"position\":1,\"name\":\"Home\",\"item\":\"https:\/\/vietnaturetour.com\/vi\/\"},{\"@type\":\"ListItem\",\"position\":2,\"name\":\"Li\u00ean h\u1ec7\"}]},{\"@type\":\"WebSite\",\"@id\":\"https:\/\/vietnaturetour.com\/#website\",\"url\":\"https:\/\/vietnaturetour.com\/\",\"name\":\"VIETNATURE-Embrace nature\",\"description\":\"\",\"publisher\":{\"@id\":\"https:\/\/vietnaturetour.com\/#organization\"},\"potentialAction\":[{\"@type\":\"SearchAction\",\"target\":{\"@type\":\"EntryPoint\",\"urlTemplate\":\"https:\/\/vietnaturetour.com\/?s={search_term_string}\"},\"query-input\":{\"@type\":\"PropertyValueSpecification\",\"valueRequired\":true,\"valueName\":\"search_term_string\"}}],\"inLanguage\":\"vi\"},{\"@type\":\"Organization\",\"@id\":\"https:\/\/vietnaturetour.com\/#organization\",\"name\":\"VIETNATURE-Embrace nature\",\"url\":\"https:\/\/vietnaturetour.com\/\",\"logo\":{\"@type\":\"ImageObject\",\"inLanguage\":\"vi\",\"@id\":\"https:\/\/vietnaturetour.com\/#\/schema\/logo\/image\/\",\"url\":\"https:\/\/vietnaturetour.com\/wp-content\/uploads\/2025\/10\/VIETNATURE-e1763363910348.png\",\"contentUrl\":\"https:\/\/vietnaturetour.com\/wp-content\/uploads\/2025\/10\/VIETNATURE-e1763363910348.png\",\"width\":795,\"height\":366,\"caption\":\"VIETNATURE-Embrace nature\"},\"image\":{\"@id\":\"https:\/\/vietnaturetour.com\/#\/schema\/logo\/image\/\"}}]}<\/script>\n<!-- \/ Yoast SEO plugin. -->","yoast_head_json":{"title":"Li\u00ean h\u1ec7 - VIETNATURE-Embrace nature","robots":{"index":"index","follow":"follow","max-snippet":"max-snippet:-1","max-image-preview":"max-image-preview:large","max-video-preview":"max-video-preview:-1"},"canonical":"https:\/\/vietnaturetour.com\/vi\/lien-he\/","og_locale":"vi_VN","og_type":"article","og_title":"Li\u00ean h\u1ec7 - VIETNATURE-Embrace nature","og_url":"https:\/\/vietnaturetour.com\/vi\/lien-he\/","og_site_name":"VIETNATURE-Embrace nature","article_modified_time":"2025-01-08T06:58:44+00:00","twitter_card":"summary_large_image","twitter_misc":{"\u01af\u1edbc t\u00ednh th\u1eddi gian \u0111\u1ecdc":"1 ph\u00fat"},"schema":{"@context":"https:\/\/schema.org","@graph":[{"@type":"WebPage","@id":"https:\/\/vietnaturetour.com\/vi\/lien-he\/","url":"https:\/\/vietnaturetour.com\/vi\/lien-he\/","name":"Li\u00ean h\u1ec7 - VIETNATURE-Embrace nature","isPartOf":{"@id":"https:\/\/vietnaturetour.com\/#website"},"primaryImageOfPage":{"@id":"https:\/\/vietnaturetour.com\/vi\/lien-he\/#primaryimage"},"image":{"@id":"https:\/\/vietnaturetour.com\/vi\/lien-he\/#primaryimage"},"thumbnailUrl":"","datePublished":"2024-12-19T07:50:26+00:00","dateModified":"2025-01-08T06:58:44+00:00","breadcrumb":{"@id":"https:\/\/vietnaturetour.com\/vi\/lien-he\/#breadcrumb"},"inLanguage":"vi","potentialAction":[{"@type":"ReadAction","target":["https:\/\/vietnaturetour.com\/vi\/lien-he\/"]}]},{"@type":"ImageObject","inLanguage":"vi","@id":"https:\/\/vietnaturetour.com\/vi\/lien-he\/#primaryimage","url":"","contentUrl":"","width":1000,"height":1000},{"@type":"BreadcrumbList","@id":"https:\/\/vietnaturetour.com\/vi\/lien-he\/#breadcrumb","itemListElement":[{"@type":"ListItem","position":1,"name":"Home","item":"https:\/\/vietnaturetour.com\/vi\/"},{"@type":"ListItem","position":2,"name":"Li\u00ean h\u1ec7"}]},{"@type":"WebSite","@id":"https:\/\/vietnaturetour.com\/#website","url":"https:\/\/vietnaturetour.com\/","name":"VIETNATURE-Embrace nature","description":"","publisher":{"@id":"https:\/\/vietnaturetour.com\/#organization"},"potentialAction":[{"@type":"SearchAction","target":{"@type":"EntryPoint","urlTemplate":"https:\/\/vietnaturetour.com\/?s={search_term_string}"},"query-input":{"@type":"PropertyValueSpecification","valueRequired":true,"valueName":"search_term_string"}}],"inLanguage":"vi"},{"@type":"Organization","@id":"https:\/\/vietnaturetour.com\/#organization","name":"VIETNATURE-Embrace nature","url":"https:\/\/vietnaturetour.com\/","logo":{"@type":"ImageObject","inLanguage":"vi","@id":"https:\/\/vietnaturetour.com\/#\/schema\/logo\/image\/","url":"https:\/\/vietnaturetour.com\/wp-content\/uploads\/2025\/10\/VIETNATURE-e1763363910348.png","contentUrl":"https:\/\/vietnaturetour.com\/wp-content\/uploads\/2025\/10\/VIETNATURE-e1763363910348.png","width":795,"height":366,"caption":"VIETNATURE-Embrace nature"},"image":{"@id":"https:\/\/vietnaturetour.com\/#\/schema\/logo\/image\/"}}]}},"_links":{"self":[{"href":"https:\/\/vietnaturetour.com\/vi\/wp-json\/wp\/v2\/pages\/165"}],"collection":[{"href":"https:\/\/vietnaturetour.com\/vi\/wp-json\/wp\/v2\/pages"}],"about":[{"href":"https:\/\/vietnaturetour.com\/vi\/wp-json\/wp\/v2\/types\/page"}],"author":[{"embeddable":true,"href":"https:\/\/vietnaturetour.com\/vi\/wp-json\/wp\/v2\/users\/3"}],"replies":[{"embeddable":true,"href":"https:\/\/vietnaturetour.com\/vi\/wp-json\/wp\/v2\/comments?post=165"}],"version-history":[{"count":6,"href":"https:\/\/vietnaturetour.com\/vi\/wp-json\/wp\/v2\/pages\/165\/revisions"}],"predecessor-version":[{"id":5453,"href":"https:\/\/vietnaturetour.com\/vi\/wp-json\/wp\/v2\/pages\/165\/revisions\/5453"}],"wp:featuredmedia":[{"embeddable":true,"href":"https:\/\/vietnaturetour.com\/vi\/wp-json\/"}],"wp:attachment":[{"href":"https:\/\/vietnaturetour.com\/vi\/wp-json\/wp\/v2\/media?parent=165"}],"curies":[{"name":"wp","href":"https:\/\/api.w.org\/{rel}","templated":true}]}}